{"id":497,"date":"2022-10-10T14:13:11","date_gmt":"2022-10-10T14:13:11","guid":{"rendered":"https:\/\/www.beagle-labs.eu\/?page_id=497"},"modified":"2025-03-13T12:38:07","modified_gmt":"2025-03-13T11:38:07","slug":"politica-privacidad","status":"publish","type":"page","link":"https:\/\/www.beagle-labs.eu\/en\/politica-privacidad\/","title":{"rendered":"Privacy Policy"},"content":{"rendered":"<div data-elementor-type=\"wp-page\" data-elementor-id=\"497\" class=\"elementor elementor-497\" data-elementor-post-type=\"page\">\n\t\t\t\t\t\t<section class=\"elementor-section elementor-top-section elementor-element elementor-element-7cbd791 elementor-section-boxed elementor-section-height-default elementor-section-height-default\" data-id=\"7cbd791\" data-element_type=\"section\" data-e-type=\"section\" data-settings=\"{&quot;background_background&quot;:&quot;classic&quot;}\">\n\t\t\t\t\t\t<div class=\"elementor-container elementor-column-gap-default\">\n\t\t\t\t\t<div class=\"elementor-column elementor-col-100 elementor-top-column elementor-element elementor-element-45c3c1a\" data-id=\"45c3c1a\" data-element_type=\"column\" data-e-type=\"column\">\n\t\t\t<div class=\"elementor-widget-wrap elementor-element-populated\">\n\t\t\t\t\t\t<div class=\"elementor-element elementor-element-c06e05a elementor-widget elementor-widget-heading\" data-id=\"c06e05a\" data-element_type=\"widget\" data-e-type=\"widget\" data-widget_type=\"heading.default\">\n\t\t\t\t<div class=\"elementor-widget-container\">\n\t\t\t\t\t<h1 class=\"elementor-heading-title elementor-size-default\">PRIVACY POLICY<\/h1>\t\t\t\t<\/div>\n\t\t\t\t<\/div>\n\t\t\t\t<div class=\"elementor-element elementor-element-8697809 elementor-widget elementor-widget-text-editor\" data-id=\"8697809\" data-element_type=\"widget\" data-e-type=\"widget\" data-widget_type=\"text-editor.default\">\n\t\t\t\t<div class=\"elementor-widget-container\">\n\t\t\t\t\t\t\t\t\t<h2><span style=\"color: #000000;\">1. Data controller<\/span><\/h2>\n<p><span style=\"color: #000000;\"><!-- \/wp:heading --><!-- wp:paragraph --><\/span><\/p>\n<ul>\n<li>\n<p>Company name: Beagle Technology SL<\/p>\n<\/li>\n<li>\n<p>Address: Pol\u00edgono da G\u00e1ndara, Avda. do Mar 148, 2\u00ba 15570 Nar\u00f3n, A Coru\u00f1a<\/p>\n<\/li>\n<li>\n<p>CIF: B67942250<\/p>\n<\/li>\n<li>\n<p><span style=\"color: #000000;\"><span style=\"background-color: transparent; font-weight: var( --e-global-typography-text-font-weight );\">e-mail:<\/span>\u00a0<\/span><a href=\"mailto:info@beagle-labs.eu\" target=\"_blank\" rel=\"noopener\">info@beagle-labs.eu<\/a><\/p>\n<\/li>\n<li>\n<p>Registered in the commercial registry of A Coru\u00f1a on 01\/14\/2022, registration number 1, volume 3773, folio 210, page 61475<\/p>\n<\/li>\n<\/ul>\n<p><span style=\"color: #000000;\"><!-- \/wp:paragraph --><!-- wp:heading --><\/span><\/p>\n<h2><span style=\"color: #000000;\">2. Comments<\/span><\/h2>\n<p><span style=\"color: #000000;\"><!-- \/wp:heading --><!-- wp:paragraph --><\/span><\/p>\n<p><span style=\"color: #000000;\">Users can leave comments on the web; we collect the data displayed in the feedback form, as well as the visitor's IP address and browser user agent string to aid spam detection. An anonymous string created from the email address (also called a hash) can be provided to the Gravatar service to see if it is being used. The privacy policy for the Gravatar service is available here: https:\/\/automattic.com\/privacy\/. After the approval of the comments, the User's profile image is visible to the public in the \"comments\" context.<\/span><\/p>\n<p><span style=\"color: #000000;\"><!-- \/wp:paragraph --><!-- wp:heading --><\/span><\/p>\n<h2><span style=\"color: #000000;\">3. Media<\/span><\/h2>\n<p><span style=\"color: #000000;\">If a User uploads images to the Web, it is recommended that they do not include location data (GPS EXIF). Users can download and extract any location data from images on the Web.<\/span><\/p>\n<p><span style=\"color: #000000;\"><!-- \/wp:paragraph --><!-- wp:heading --><\/span><\/p>\n<h2><span style=\"color: #000000;\">4. Cookies<\/span><\/h2>\n<p><span style=\"color: #000000;\"><!-- \/wp:heading --><!-- wp:paragraph --><\/span><\/p>\n<p><span style=\"color: #000000;\">When a user leaves a comment on our website, they can save their name, email address and website in cookies, so they do not have to fill in the data again. These cookies will last for one year.<\/span><\/p>\n<p><span style=\"color: #000000;\"><!-- \/wp:paragraph --><!-- wp:paragraph --><\/span><\/p>\n<p><span style=\"color: #000000;\">If the User has an account we will install a temporary cookie to determine if the browser accepts cookies. This cookie does not contain personal data and is deleted when you close the browser.<\/span><\/p>\n<p><span style=\"color: #000000;\"><!-- \/wp:paragraph --><!-- wp:paragraph --><\/span><\/p>\n<p><span style=\"color: #000000;\">When the User accesses, we will also install several cookies to save access information and screen display options. Access cookies last for two days, and screen options cookies last for one year. If the User selects \"Remember me\", access will last for two weeks. If you log out of your account, the access cookies will be removed.<\/span><\/p>\n<p><span style=\"color: #000000;\"><!-- \/wp:paragraph --><!-- wp:paragraph --><\/span><\/p>\n<h2><span style=\"color: #000000;\">5. Content from other websites:<\/span><\/h2>\n<p><span style=\"color: #000000;\"><!-- \/wp:heading --><!-- wp:paragraph --><\/span><\/p>\n<p><span style=\"color: #000000;\">The content of this Website may include embedded content (eg videos, images, articles, etc.). Embedded content from other Websites behaves in exactly the same way as if the User had visited the other Website. These Websites may collect data about the User, use cookies, embed additional third-party tracking, and monitor interaction with that embedded content, including tracking interaction with embedded content.<\/span><\/p>\n<p><span style=\"color: #000000;\"><!-- \/wp:paragraph --><!-- wp:heading --><\/span><\/p>\n<h2><span style=\"color: #000000;\">6. Shared data<\/span><\/h2>\n<p><span style=\"color: #000000;\"><!-- \/wp:heading --><!-- wp:paragraph --><\/span><\/p>\n<p><span style=\"color: #000000;\">We do not share your data with anyone. If you request a password reset, your IP address will be included in the reset email.<\/span><\/p>\n<p><span style=\"color: #000000;\"><!-- \/wp:paragraph --><!-- wp:heading --><\/span><\/p>\n<h2><span style=\"color: #000000;\">7. How long we keep the data:<\/span><\/h2>\n<p><span style=\"color: #000000;\"><!-- \/wp:heading --><!-- wp:paragraph --><\/span><\/p>\n<p><span style=\"color: #000000;\">If a User leaves a comment, the comment and its metadata are retained indefinitely. This is so that we can automatically recognize and approve subsequent comments, instead of keeping them in a moderation queue. Of the Users who register on our website (if any), we also store the personal information they provide in their User profile. All Users can view, edit or delete their personal information at any time (except that they cannot change their username). Web administrators can also view and edit that information.<\/span><\/p>\n<p><span style=\"color: #000000;\"><!-- \/wp:paragraph --><!-- wp:heading --><\/span><\/p>\n<h2><span style=\"color: #000000;\">8. Rights<\/span><\/h2>\n<p><span style=\"color: #000000;\"><!-- \/wp:heading --><!-- wp:paragraph --><\/span><\/p>\n<p><span style=\"color: #000000;\">If the User has an account or has left comments on this Website, they can request an export file of the personal data we hold about Active Users, including any data they have provided to us. They can also request that we delete any personal data we hold. This does not include any data that we are obliged to keep for administrative, legal or security purposes.<\/span><\/p>\n<p><span style=\"color: #000000;\"><!-- \/wp:paragraph --><!-- wp:heading --><\/span><\/p>\n<h2><span style=\"color: #000000;\">9. Where the data is sent:<\/span><\/h2>\n<p><span style=\"color: #000000;\"><!-- \/wp:heading --><!-- wp:paragraph --><\/span><\/p>\n<p><span style=\"color: #000000;\">User comments may be reviewed by an automatic spam detection service.<\/span><\/p>\t\t\t\t\t\t\t\t<\/div>\n\t\t\t\t<\/div>\n\t\t\t\t\t<\/div>\n\t\t<\/div>\n\t\t\t\t\t<\/div>\n\t\t<\/section>\n\t\t\t\t<\/div>","protected":false},"excerpt":{"rendered":"<p>POL\u00cdTICA DE PRIVACIDAD 1. Responsable del tratamiento Nombre de la compa\u00f1\u00eda: Beagle Technology SL Direcci\u00f3n: Pol\u00edgono da G\u00e1ndara, Avda. do Mar 148, 2\u00ba 15570 Nar\u00f3n, A Coru\u00f1a CIF: B67942250 e-mail:\u00a0info@beagle-labs.eu Inscrita en el registro mercantil de A Coru\u00f1a con fecha 14\/01\/2022, n\u00famero de inscripci\u00f3n 1, tomo 3773, folio 210, hoja 61475 2. Comentarios Los Usuarios [&hellip;]<\/p>\n","protected":false},"author":3,"featured_media":0,"parent":0,"menu_order":11,"comment_status":"closed","ping_status":"closed","template":"elementor_header_footer","meta":{"footnotes":""},"class_list":["post-497","page","type-page","status-publish","hentry"],"yoast_head":"<!-- This site is optimized with the Yoast SEO plugin v27.2 - https:\/\/yoast.com\/product\/yoast-seo-wordpress\/ -->\n<title>Pol\u00edtica de privacidad &#8226; Beagle labs<\/title>\n<meta name=\"description\" content=\"Pol\u00edtica de privacidad de Beagle labs. Conciencia situacional para UAVs. Nos preocupamos por tu seguridad, tambi\u00e9n en nuestra web.\" \/>\n<meta name=\"robots\" content=\"noindex, nofollow\" \/>\n<meta property=\"og:locale\" content=\"en_GB\" \/>\n<meta property=\"og:type\" content=\"article\" \/>\n<meta property=\"og:title\" content=\"Pol\u00edtica de privacidad &#8226; Beagle labs\" \/>\n<meta property=\"og:description\" content=\"Pol\u00edtica de privacidad de Beagle labs. Conciencia situacional para UAVs. Nos preocupamos por tu seguridad, tambi\u00e9n en nuestra web.\" \/>\n<meta property=\"og:url\" content=\"https:\/\/www.beagle-labs.eu\/en\/politica-privacidad\/\" \/>\n<meta property=\"og:site_name\" content=\"Beagle labs\" \/>\n<meta property=\"article:modified_time\" content=\"2025-03-13T11:38:07+00:00\" \/>\n<meta name=\"twitter:card\" content=\"summary_large_image\" \/>\n<meta name=\"twitter:label1\" content=\"Estimated reading time\" \/>\n\t<meta name=\"twitter:data1\" content=\"3 minutes\" \/>\n<script type=\"application\/ld+json\" class=\"yoast-schema-graph\">{\"@context\":\"https:\/\/schema.org\",\"@graph\":[{\"@type\":\"WebPage\",\"@id\":\"https:\/\/www.beagle-labs.eu\/politica-privacidad\/\",\"url\":\"https:\/\/www.beagle-labs.eu\/politica-privacidad\/\",\"name\":\"Pol\u00edtica de privacidad &#8226; Beagle labs\",\"isPartOf\":{\"@id\":\"https:\/\/www.beagle-labs.eu\/#website\"},\"datePublished\":\"2022-10-10T14:13:11+00:00\",\"dateModified\":\"2025-03-13T11:38:07+00:00\",\"description\":\"Pol\u00edtica de privacidad de Beagle labs. Conciencia situacional para UAVs. Nos preocupamos por tu seguridad, tambi\u00e9n en nuestra web.\",\"breadcrumb\":{\"@id\":\"https:\/\/www.beagle-labs.eu\/politica-privacidad\/#breadcrumb\"},\"inLanguage\":\"en-GB\",\"potentialAction\":[{\"@type\":\"ReadAction\",\"target\":[\"https:\/\/www.beagle-labs.eu\/politica-privacidad\/\"]}]},{\"@type\":\"BreadcrumbList\",\"@id\":\"https:\/\/www.beagle-labs.eu\/politica-privacidad\/#breadcrumb\",\"itemListElement\":[{\"@type\":\"ListItem\",\"position\":1,\"name\":\"Inicio\",\"item\":\"https:\/\/www.beagle-labs.eu\/\"},{\"@type\":\"ListItem\",\"position\":2,\"name\":\"Pol\u00edtica de privacidad\"}]},{\"@type\":\"WebSite\",\"@id\":\"https:\/\/www.beagle-labs.eu\/#website\",\"url\":\"https:\/\/www.beagle-labs.eu\/\",\"name\":\"Beagle labs\",\"description\":\"Mejora la eficacia de tu v\u00eddeo a\u00e9reo\",\"publisher\":{\"@id\":\"https:\/\/www.beagle-labs.eu\/#organization\"},\"potentialAction\":[{\"@type\":\"SearchAction\",\"target\":{\"@type\":\"EntryPoint\",\"urlTemplate\":\"https:\/\/www.beagle-labs.eu\/?s={search_term_string}\"},\"query-input\":{\"@type\":\"PropertyValueSpecification\",\"valueRequired\":true,\"valueName\":\"search_term_string\"}}],\"inLanguage\":\"en-GB\"},{\"@type\":\"Organization\",\"@id\":\"https:\/\/www.beagle-labs.eu\/#organization\",\"name\":\"Beagle Technology\",\"alternateName\":\"Beagle Labs\",\"url\":\"https:\/\/www.beagle-labs.eu\/\",\"logo\":{\"@type\":\"ImageObject\",\"inLanguage\":\"en-GB\",\"@id\":\"https:\/\/www.beagle-labs.eu\/#\/schema\/logo\/image\/\",\"url\":\"https:\/\/www.beagle-labs.eu\/wp-content\/uploads\/2022\/09\/logo_beagle.webp\",\"contentUrl\":\"https:\/\/www.beagle-labs.eu\/wp-content\/uploads\/2022\/09\/logo_beagle.webp\",\"width\":1585,\"height\":578,\"caption\":\"Beagle Technology\"},\"image\":{\"@id\":\"https:\/\/www.beagle-labs.eu\/#\/schema\/logo\/image\/\"},\"sameAs\":[\"https:\/\/www.linkedin.com\/company\/beagle-labs\/\"]}]}<\/script>\n<!-- \/ Yoast SEO plugin. -->","yoast_head_json":{"title":"Pol\u00edtica de privacidad &#8226; Beagle labs","description":"Pol\u00edtica de privacidad de Beagle labs. Conciencia situacional para UAVs. Nos preocupamos por tu seguridad, tambi\u00e9n en nuestra web.","robots":{"index":"noindex","follow":"nofollow"},"og_locale":"en_GB","og_type":"article","og_title":"Pol\u00edtica de privacidad &#8226; Beagle labs","og_description":"Pol\u00edtica de privacidad de Beagle labs. Conciencia situacional para UAVs. Nos preocupamos por tu seguridad, tambi\u00e9n en nuestra web.","og_url":"https:\/\/www.beagle-labs.eu\/en\/politica-privacidad\/","og_site_name":"Beagle labs","article_modified_time":"2025-03-13T11:38:07+00:00","twitter_card":"summary_large_image","twitter_misc":{"Estimated reading time":"3 minutes"},"schema":{"@context":"https:\/\/schema.org","@graph":[{"@type":"WebPage","@id":"https:\/\/www.beagle-labs.eu\/politica-privacidad\/","url":"https:\/\/www.beagle-labs.eu\/politica-privacidad\/","name":"Pol\u00edtica de privacidad &#8226; Beagle labs","isPartOf":{"@id":"https:\/\/www.beagle-labs.eu\/#website"},"datePublished":"2022-10-10T14:13:11+00:00","dateModified":"2025-03-13T11:38:07+00:00","description":"Pol\u00edtica de privacidad de Beagle labs. Conciencia situacional para UAVs. Nos preocupamos por tu seguridad, tambi\u00e9n en nuestra web.","breadcrumb":{"@id":"https:\/\/www.beagle-labs.eu\/politica-privacidad\/#breadcrumb"},"inLanguage":"en-GB","potentialAction":[{"@type":"ReadAction","target":["https:\/\/www.beagle-labs.eu\/politica-privacidad\/"]}]},{"@type":"BreadcrumbList","@id":"https:\/\/www.beagle-labs.eu\/politica-privacidad\/#breadcrumb","itemListElement":[{"@type":"ListItem","position":1,"name":"Inicio","item":"https:\/\/www.beagle-labs.eu\/"},{"@type":"ListItem","position":2,"name":"Pol\u00edtica de privacidad"}]},{"@type":"WebSite","@id":"https:\/\/www.beagle-labs.eu\/#website","url":"https:\/\/www.beagle-labs.eu\/","name":"Beagle labs","description":"Effective airborne video","publisher":{"@id":"https:\/\/www.beagle-labs.eu\/#organization"},"potentialAction":[{"@type":"SearchAction","target":{"@type":"EntryPoint","urlTemplate":"https:\/\/www.beagle-labs.eu\/?s={search_term_string}"},"query-input":{"@type":"PropertyValueSpecification","valueRequired":true,"valueName":"search_term_string"}}],"inLanguage":"en-GB"},{"@type":"Organization","@id":"https:\/\/www.beagle-labs.eu\/#organization","name":"Beagle Technology","alternateName":"Beagle Labs","url":"https:\/\/www.beagle-labs.eu\/","logo":{"@type":"ImageObject","inLanguage":"en-GB","@id":"https:\/\/www.beagle-labs.eu\/#\/schema\/logo\/image\/","url":"https:\/\/www.beagle-labs.eu\/wp-content\/uploads\/2022\/09\/logo_beagle.webp","contentUrl":"https:\/\/www.beagle-labs.eu\/wp-content\/uploads\/2022\/09\/logo_beagle.webp","width":1585,"height":578,"caption":"Beagle Technology"},"image":{"@id":"https:\/\/www.beagle-labs.eu\/#\/schema\/logo\/image\/"},"sameAs":["https:\/\/www.linkedin.com\/company\/beagle-labs\/"]}]}},"_links":{"self":[{"href":"https:\/\/www.beagle-labs.eu\/en\/wp-json\/wp\/v2\/pages\/497","targetHints":{"allow":["GET"]}}],"collection":[{"href":"https:\/\/www.beagle-labs.eu\/en\/wp-json\/wp\/v2\/pages"}],"about":[{"href":"https:\/\/www.beagle-labs.eu\/en\/wp-json\/wp\/v2\/types\/page"}],"author":[{"embeddable":true,"href":"https:\/\/www.beagle-labs.eu\/en\/wp-json\/wp\/v2\/users\/3"}],"replies":[{"embeddable":true,"href":"https:\/\/www.beagle-labs.eu\/en\/wp-json\/wp\/v2\/comments?post=497"}],"version-history":[{"count":84,"href":"https:\/\/www.beagle-labs.eu\/en\/wp-json\/wp\/v2\/pages\/497\/revisions"}],"predecessor-version":[{"id":4790,"href":"https:\/\/www.beagle-labs.eu\/en\/wp-json\/wp\/v2\/pages\/497\/revisions\/4790"}],"wp:attachment":[{"href":"https:\/\/www.beagle-labs.eu\/en\/wp-json\/wp\/v2\/media?parent=497"}],"curies":[{"name":"wp","href":"https:\/\/api.w.org\/{rel}","templated":true}]}}