{"id":699,"date":"2022-10-20T07:57:53","date_gmt":"2022-10-20T07:57:53","guid":{"rendered":"https:\/\/www.beagle-labs.eu\/?page_id=699"},"modified":"2025-03-13T12:35:37","modified_gmt":"2025-03-13T11:35:37","slug":"ayudas","status":"publish","type":"page","link":"https:\/\/www.beagle-labs.eu\/en\/ayudas\/","title":{"rendered":"Grants"},"content":{"rendered":"<div data-elementor-type=\"wp-page\" data-elementor-id=\"699\" class=\"elementor elementor-699\" data-elementor-post-type=\"page\">\n\t\t\t\t\t\t<section class=\"elementor-section elementor-top-section elementor-element elementor-element-3afb266 elementor-section-boxed elementor-section-height-default elementor-section-height-default\" data-id=\"3afb266\" data-element_type=\"section\" data-e-type=\"section\" data-settings=\"{&quot;background_background&quot;:&quot;classic&quot;}\">\n\t\t\t\t\t\t<div class=\"elementor-container elementor-column-gap-default\">\n\t\t\t\t\t<div class=\"elementor-column elementor-col-100 elementor-top-column elementor-element elementor-element-efbe1a9\" data-id=\"efbe1a9\" data-element_type=\"column\" data-e-type=\"column\">\n\t\t\t<div class=\"elementor-widget-wrap elementor-element-populated\">\n\t\t\t\t\t\t<div class=\"elementor-element elementor-element-a0be2cd elementor-widget elementor-widget-heading\" data-id=\"a0be2cd\" data-element_type=\"widget\" data-e-type=\"widget\" data-widget_type=\"heading.default\">\n\t\t\t\t<div class=\"elementor-widget-container\">\n\t\t\t\t\t<h1 class=\"elementor-heading-title elementor-size-default\">AYUDAS<\/h1>\t\t\t\t<\/div>\n\t\t\t\t<\/div>\n\t\t\t\t<div class=\"elementor-element elementor-element-037390a elementor-widget elementor-widget-text-editor\" data-id=\"037390a\" data-element_type=\"widget\" data-e-type=\"widget\" data-widget_type=\"text-editor.default\">\n\t\t\t\t<div class=\"elementor-widget-container\">\n\t\t\t\t\t\t\t\t\t<p>Financial assistance\u00a0<a href=\"http:\/\/gain.xunta.gal\/\" target=\"_blank\" rel=\"noopener\">GAIN<\/a>\u00a0to promote technological development, innovation and quality research within the business aid program Innovation Bonds 2022\u00a0<a href=\"https:\/\/www.xunta.gal\/portada\" target=\"_blank\" rel=\"noopener\">Xunta de Galicia<\/a>.<\/p>\t\t\t\t\t\t\t\t<\/div>\n\t\t\t\t<\/div>\n\t\t\t\t<div class=\"elementor-element elementor-element-90dab43 elementor-widget__width-inherit elementor-widget elementor-widget-image\" data-id=\"90dab43\" data-element_type=\"widget\" data-e-type=\"widget\" data-widget_type=\"image.default\">\n\t\t\t\t<div class=\"elementor-widget-container\">\n\t\t\t\t\t\t\t\t\t\t\t\t\t\t\t<img fetchpriority=\"high\" decoding=\"async\" width=\"953\" height=\"669\" src=\"https:\/\/www.beagle-labs.eu\/wp-content\/uploads\/2022\/10\/ayuda_Gain_BeagleLAbs.webp\" class=\"attachment-full size-full wp-image-705\" alt=\"Imagen del bono de ayuda de la Xunta de Galicia\" srcset=\"https:\/\/www.beagle-labs.eu\/wp-content\/uploads\/2022\/10\/ayuda_Gain_BeagleLAbs.webp 953w, https:\/\/www.beagle-labs.eu\/wp-content\/uploads\/2022\/10\/ayuda_Gain_BeagleLAbs-300x211.webp 300w, https:\/\/www.beagle-labs.eu\/wp-content\/uploads\/2022\/10\/ayuda_Gain_BeagleLAbs-768x539.png 768w\" sizes=\"(max-width: 953px) 100vw, 953px\" \/>\t\t\t\t\t\t\t\t\t\t\t\t\t\t\t<\/div>\n\t\t\t\t<\/div>\n\t\t\t\t\t<\/div>\n\t\t<\/div>\n\t\t\t\t\t<\/div>\n\t\t<\/section>\n\t\t\t\t<\/div>","protected":false},"excerpt":{"rendered":"<p>AYUDAS Bono de innovaci\u00f3n\u00a0GAIN\u00a0para promover o desenvolvemento tecnol\u00f3xico, a innovaci\u00f3n e unha investigaci\u00f3n de calidade dentro do programa de axudas a empresa Bonos de innovaci\u00f3n 2022 da\u00a0Xunta de Galicia.<\/p>","protected":false},"author":3,"featured_media":0,"parent":0,"menu_order":16,"comment_status":"closed","ping_status":"closed","template":"elementor_header_footer","meta":{"footnotes":""},"class_list":["post-699","page","type-page","status-publish","hentry"],"yoast_head":"<!-- This site is optimized with the Yoast SEO plugin v27.2 - https:\/\/yoast.com\/product\/yoast-seo-wordpress\/ -->\n<title>Ayudas &#8226; Beagle labs<\/title>\n<meta name=\"description\" content=\"Ayudas gubernamentales recibidas al solicitar la participaci\u00f3n de los fondos p\u00fablicos para ayuda de pymes tecnol\u00f3gicas.\" \/>\n<meta name=\"robots\" content=\"noindex, nofollow\" \/>\n<meta property=\"og:locale\" content=\"en_GB\" \/>\n<meta property=\"og:type\" content=\"article\" \/>\n<meta property=\"og:title\" content=\"Ayudas &#8226; Beagle labs\" \/>\n<meta property=\"og:description\" content=\"Ayudas gubernamentales recibidas al solicitar la participaci\u00f3n de los fondos p\u00fablicos para ayuda de pymes tecnol\u00f3gicas.\" \/>\n<meta property=\"og:url\" content=\"https:\/\/www.beagle-labs.eu\/en\/ayudas\/\" \/>\n<meta property=\"og:site_name\" content=\"Beagle labs\" \/>\n<meta property=\"article:modified_time\" content=\"2025-03-13T11:35:37+00:00\" \/>\n<meta property=\"og:image\" content=\"https:\/\/www.beagle-labs.eu\/wp-content\/uploads\/2022\/10\/ayuda_Gain_BeagleLAbs.webp\" \/>\n\t<meta property=\"og:image:width\" content=\"953\" \/>\n\t<meta property=\"og:image:height\" content=\"669\" \/>\n\t<meta property=\"og:image:type\" content=\"image\/webp\" \/>\n<meta name=\"twitter:card\" content=\"summary_large_image\" \/>\n<meta name=\"twitter:label1\" content=\"Estimated reading time\" \/>\n\t<meta name=\"twitter:data1\" content=\"1 minute\" \/>\n<script type=\"application\/ld+json\" class=\"yoast-schema-graph\">{\"@context\":\"https:\/\/schema.org\",\"@graph\":[{\"@type\":\"WebPage\",\"@id\":\"https:\/\/www.beagle-labs.eu\/ayudas\/\",\"url\":\"https:\/\/www.beagle-labs.eu\/ayudas\/\",\"name\":\"Ayudas &#8226; Beagle labs\",\"isPartOf\":{\"@id\":\"https:\/\/www.beagle-labs.eu\/#website\"},\"primaryImageOfPage\":{\"@id\":\"https:\/\/www.beagle-labs.eu\/ayudas\/#primaryimage\"},\"image\":{\"@id\":\"https:\/\/www.beagle-labs.eu\/ayudas\/#primaryimage\"},\"thumbnailUrl\":\"https:\/\/www.beagle-labs.eu\/wp-content\/uploads\/2022\/10\/ayuda_Gain_BeagleLAbs.webp\",\"datePublished\":\"2022-10-20T07:57:53+00:00\",\"dateModified\":\"2025-03-13T11:35:37+00:00\",\"description\":\"Ayudas gubernamentales recibidas al solicitar la participaci\u00f3n de los fondos p\u00fablicos para ayuda de pymes tecnol\u00f3gicas.\",\"breadcrumb\":{\"@id\":\"https:\/\/www.beagle-labs.eu\/ayudas\/#breadcrumb\"},\"inLanguage\":\"en-GB\",\"potentialAction\":[{\"@type\":\"ReadAction\",\"target\":[\"https:\/\/www.beagle-labs.eu\/ayudas\/\"]}]},{\"@type\":\"ImageObject\",\"inLanguage\":\"en-GB\",\"@id\":\"https:\/\/www.beagle-labs.eu\/ayudas\/#primaryimage\",\"url\":\"https:\/\/www.beagle-labs.eu\/wp-content\/uploads\/2022\/10\/ayuda_Gain_BeagleLAbs.webp\",\"contentUrl\":\"https:\/\/www.beagle-labs.eu\/wp-content\/uploads\/2022\/10\/ayuda_Gain_BeagleLAbs.webp\"},{\"@type\":\"BreadcrumbList\",\"@id\":\"https:\/\/www.beagle-labs.eu\/ayudas\/#breadcrumb\",\"itemListElement\":[{\"@type\":\"ListItem\",\"position\":1,\"name\":\"Inicio\",\"item\":\"https:\/\/www.beagle-labs.eu\/\"},{\"@type\":\"ListItem\",\"position\":2,\"name\":\"Ayudas\"}]},{\"@type\":\"WebSite\",\"@id\":\"https:\/\/www.beagle-labs.eu\/#website\",\"url\":\"https:\/\/www.beagle-labs.eu\/\",\"name\":\"Beagle labs\",\"description\":\"Mejora la eficacia de tu v\u00eddeo a\u00e9reo\",\"publisher\":{\"@id\":\"https:\/\/www.beagle-labs.eu\/#organization\"},\"potentialAction\":[{\"@type\":\"SearchAction\",\"target\":{\"@type\":\"EntryPoint\",\"urlTemplate\":\"https:\/\/www.beagle-labs.eu\/?s={search_term_string}\"},\"query-input\":{\"@type\":\"PropertyValueSpecification\",\"valueRequired\":true,\"valueName\":\"search_term_string\"}}],\"inLanguage\":\"en-GB\"},{\"@type\":\"Organization\",\"@id\":\"https:\/\/www.beagle-labs.eu\/#organization\",\"name\":\"Beagle Technology\",\"alternateName\":\"Beagle Labs\",\"url\":\"https:\/\/www.beagle-labs.eu\/\",\"logo\":{\"@type\":\"ImageObject\",\"inLanguage\":\"en-GB\",\"@id\":\"https:\/\/www.beagle-labs.eu\/#\/schema\/logo\/image\/\",\"url\":\"https:\/\/www.beagle-labs.eu\/wp-content\/uploads\/2022\/09\/logo_beagle.webp\",\"contentUrl\":\"https:\/\/www.beagle-labs.eu\/wp-content\/uploads\/2022\/09\/logo_beagle.webp\",\"width\":1585,\"height\":578,\"caption\":\"Beagle Technology\"},\"image\":{\"@id\":\"https:\/\/www.beagle-labs.eu\/#\/schema\/logo\/image\/\"},\"sameAs\":[\"https:\/\/www.linkedin.com\/company\/beagle-labs\/\"]}]}<\/script>\n<!-- \/ Yoast SEO plugin. -->","yoast_head_json":{"title":"Ayudas &#8226; Beagle labs","description":"Ayudas gubernamentales recibidas al solicitar la participaci\u00f3n de los fondos p\u00fablicos para ayuda de pymes tecnol\u00f3gicas.","robots":{"index":"noindex","follow":"nofollow"},"og_locale":"en_GB","og_type":"article","og_title":"Ayudas &#8226; Beagle labs","og_description":"Ayudas gubernamentales recibidas al solicitar la participaci\u00f3n de los fondos p\u00fablicos para ayuda de pymes tecnol\u00f3gicas.","og_url":"https:\/\/www.beagle-labs.eu\/en\/ayudas\/","og_site_name":"Beagle labs","article_modified_time":"2025-03-13T11:35:37+00:00","og_image":[{"width":953,"height":669,"url":"https:\/\/www.beagle-labs.eu\/wp-content\/uploads\/2022\/10\/ayuda_Gain_BeagleLAbs.webp","type":"image\/webp"}],"twitter_card":"summary_large_image","twitter_misc":{"Estimated reading time":"1 minute"},"schema":{"@context":"https:\/\/schema.org","@graph":[{"@type":"WebPage","@id":"https:\/\/www.beagle-labs.eu\/ayudas\/","url":"https:\/\/www.beagle-labs.eu\/ayudas\/","name":"Ayudas &#8226; Beagle labs","isPartOf":{"@id":"https:\/\/www.beagle-labs.eu\/#website"},"primaryImageOfPage":{"@id":"https:\/\/www.beagle-labs.eu\/ayudas\/#primaryimage"},"image":{"@id":"https:\/\/www.beagle-labs.eu\/ayudas\/#primaryimage"},"thumbnailUrl":"https:\/\/www.beagle-labs.eu\/wp-content\/uploads\/2022\/10\/ayuda_Gain_BeagleLAbs.webp","datePublished":"2022-10-20T07:57:53+00:00","dateModified":"2025-03-13T11:35:37+00:00","description":"Ayudas gubernamentales recibidas al solicitar la participaci\u00f3n de los fondos p\u00fablicos para ayuda de pymes tecnol\u00f3gicas.","breadcrumb":{"@id":"https:\/\/www.beagle-labs.eu\/ayudas\/#breadcrumb"},"inLanguage":"en-GB","potentialAction":[{"@type":"ReadAction","target":["https:\/\/www.beagle-labs.eu\/ayudas\/"]}]},{"@type":"ImageObject","inLanguage":"en-GB","@id":"https:\/\/www.beagle-labs.eu\/ayudas\/#primaryimage","url":"https:\/\/www.beagle-labs.eu\/wp-content\/uploads\/2022\/10\/ayuda_Gain_BeagleLAbs.webp","contentUrl":"https:\/\/www.beagle-labs.eu\/wp-content\/uploads\/2022\/10\/ayuda_Gain_BeagleLAbs.webp"},{"@type":"BreadcrumbList","@id":"https:\/\/www.beagle-labs.eu\/ayudas\/#breadcrumb","itemListElement":[{"@type":"ListItem","position":1,"name":"Inicio","item":"https:\/\/www.beagle-labs.eu\/"},{"@type":"ListItem","position":2,"name":"Ayudas"}]},{"@type":"WebSite","@id":"https:\/\/www.beagle-labs.eu\/#website","url":"https:\/\/www.beagle-labs.eu\/","name":"Beagle labs","description":"Effective airborne video","publisher":{"@id":"https:\/\/www.beagle-labs.eu\/#organization"},"potentialAction":[{"@type":"SearchAction","target":{"@type":"EntryPoint","urlTemplate":"https:\/\/www.beagle-labs.eu\/?s={search_term_string}"},"query-input":{"@type":"PropertyValueSpecification","valueRequired":true,"valueName":"search_term_string"}}],"inLanguage":"en-GB"},{"@type":"Organization","@id":"https:\/\/www.beagle-labs.eu\/#organization","name":"Beagle Technology","alternateName":"Beagle Labs","url":"https:\/\/www.beagle-labs.eu\/","logo":{"@type":"ImageObject","inLanguage":"en-GB","@id":"https:\/\/www.beagle-labs.eu\/#\/schema\/logo\/image\/","url":"https:\/\/www.beagle-labs.eu\/wp-content\/uploads\/2022\/09\/logo_beagle.webp","contentUrl":"https:\/\/www.beagle-labs.eu\/wp-content\/uploads\/2022\/09\/logo_beagle.webp","width":1585,"height":578,"caption":"Beagle Technology"},"image":{"@id":"https:\/\/www.beagle-labs.eu\/#\/schema\/logo\/image\/"},"sameAs":["https:\/\/www.linkedin.com\/company\/beagle-labs\/"]}]}},"_links":{"self":[{"href":"https:\/\/www.beagle-labs.eu\/en\/wp-json\/wp\/v2\/pages\/699","targetHints":{"allow":["GET"]}}],"collection":[{"href":"https:\/\/www.beagle-labs.eu\/en\/wp-json\/wp\/v2\/pages"}],"about":[{"href":"https:\/\/www.beagle-labs.eu\/en\/wp-json\/wp\/v2\/types\/page"}],"author":[{"embeddable":true,"href":"https:\/\/www.beagle-labs.eu\/en\/wp-json\/wp\/v2\/users\/3"}],"replies":[{"embeddable":true,"href":"https:\/\/www.beagle-labs.eu\/en\/wp-json\/wp\/v2\/comments?post=699"}],"version-history":[{"count":24,"href":"https:\/\/www.beagle-labs.eu\/en\/wp-json\/wp\/v2\/pages\/699\/revisions"}],"predecessor-version":[{"id":4774,"href":"https:\/\/www.beagle-labs.eu\/en\/wp-json\/wp\/v2\/pages\/699\/revisions\/4774"}],"wp:attachment":[{"href":"https:\/\/www.beagle-labs.eu\/en\/wp-json\/wp\/v2\/media?parent=699"}],"curies":[{"name":"wp","href":"https:\/\/api.w.org\/{rel}","templated":true}]}}