{"id":475,"date":"2022-10-10T13:46:10","date_gmt":"2022-10-10T13:46:10","guid":{"rendered":"https:\/\/www.beagle-labs.eu\/?page_id=475"},"modified":"2025-03-14T10:12:07","modified_gmt":"2025-03-14T09:12:07","slug":"aviso-legal","status":"publish","type":"page","link":"https:\/\/www.beagle-labs.eu\/es\/aviso-legal\/","title":{"rendered":"Aviso Legal"},"content":{"rendered":"\t\t<div data-elementor-type=\"wp-page\" data-elementor-id=\"475\" class=\"elementor elementor-475\" data-elementor-post-type=\"page\">\n\t\t\t\t\t\t<section class=\"elementor-section elementor-top-section elementor-element elementor-element-ec3d446 elementor-section-boxed elementor-section-height-default elementor-section-height-default\" data-id=\"ec3d446\" data-element_type=\"section\" data-e-type=\"section\" data-settings=\"{&quot;background_background&quot;:&quot;classic&quot;}\">\n\t\t\t\t\t\t<div class=\"elementor-container elementor-column-gap-default\">\n\t\t\t\t\t<div class=\"elementor-column elementor-col-100 elementor-top-column elementor-element elementor-element-b1a17f0\" data-id=\"b1a17f0\" data-element_type=\"column\" data-e-type=\"column\">\n\t\t\t<div class=\"elementor-widget-wrap elementor-element-populated\">\n\t\t\t\t\t\t<div class=\"elementor-element elementor-element-e33fb62 elementor-widget elementor-widget-heading\" data-id=\"e33fb62\" data-element_type=\"widget\" data-e-type=\"widget\" data-widget_type=\"heading.default\">\n\t\t\t\t<div class=\"elementor-widget-container\">\n\t\t\t\t\t<h1 class=\"elementor-heading-title elementor-size-default\">AVISO LEGAL<\/h1>\t\t\t\t<\/div>\n\t\t\t\t<\/div>\n\t\t\t\t<div class=\"elementor-element elementor-element-f1e9817 elementor-widget elementor-widget-text-editor\" data-id=\"f1e9817\" data-element_type=\"widget\" data-e-type=\"widget\" data-widget_type=\"text-editor.default\">\n\t\t\t\t<div class=\"elementor-widget-container\">\n\t\t\t\t\t\t\t\t\t<h2><span style=\"color: #000000;\">1. Identificaci\u00f3n<\/span><\/h2>\n<ul>\n<li>\n<p>Nombre de la compa\u00f1\u00eda:<b> Beagle Technology SL<\/b><\/p>\n<\/li>\n<\/ul>\n<ul>\n<li>\n<p><span style=\"color: #000000;\">Direcci\u00f3n: Pol\u00edgono da G\u00e1ndara, Avda. do Mar 148, 2\u00ba 15570 Nar\u00f3n, A Coru\u00f1a <\/span><\/p>\n<\/li>\n<\/ul>\n<ul>\n<li>\n<p><span style=\"color: #000000;\">CIF: B67942250 <\/span><\/p>\n<\/li>\n<\/ul>\n<ul>\n<li>\n<p>e-mail:&nbsp;<a href=\"mailto:info@beagle-labs.eu\" target=\"_blank\" rel=\"noopener\">info@beagle-labs.eu<\/a><\/p>\n<\/li>\n<\/ul>\n<ul>\n<li>\n<p><span style=\"color: #000000;\">Inscrita en el registro mercantil de A Coru\u00f1a con fecha 14\/01\/2022, n\u00famero de inscripci\u00f3n 1, tomo 3773, folio 210, hoja 61475<\/span><\/p>\n<\/li>\n<\/ul>\n<h2><span style=\"color: #000000;\">2. Objeto<\/span><\/h2>\n<p>Estas condiciones regulan el uso que el Beagle Technology SL pone a disposici\u00f3n de los usuarios de la Web, <b>las cuales podr\u00e1n ser modificadas sin previo aviso.&nbsp;<\/b><\/p>\n<p>Se recomienda su consulta peri\u00f3dica, m\u00e1s a\u00fan cuando se disponga a hacer un uso efectivo de productos y\/o servicios.<\/p>\n<h2><span style=\"color: #000000;\">3. Condiciones de acceso y uso<\/span><\/h2>\n<p><span style=\"color: #000000; background-color: transparent; font-size: 16px; font-family: var( --e-global-typography-text-font-family ), Arial; font-weight: var( --e-global-typography-text-font-weight ); letter-spacing: var( --e-global-typography-text-letter-spacing );\">El acceso a la web es libre y quien accede adquiere la condici\u00f3n de <\/span><span style=\"color: #000000; background-color: transparent; font-size: 16px; font-family: var( --e-global-typography-text-font-family ), Arial; letter-spacing: var( --e-global-typography-text-letter-spacing );\"><b>Usuario<\/b><\/span><span style=\"color: #000000; background-color: transparent; font-size: 16px; font-family: var( --e-global-typography-text-font-family ), Arial; font-weight: var( --e-global-typography-text-font-weight ); letter-spacing: var( --e-global-typography-text-letter-spacing );\">. Los usuarios pueden acceder a los contenidos o incluso ponerse en contacto con sus administradores. El Usuario debe pues, leer, entender y aceptar las presentes condiciones de uso antes de proceder a la navegaci\u00f3n y\/o uso de los servicios, lo que supondr\u00e1 su expresa aceptaci\u00f3n y adhesi\u00f3n a las mismas en los t\u00e9rminos y condiciones que se expresan a continuaci\u00f3n:<\/span><\/p>\n<ol>\n<li>\n<p><span style=\"color: #000000;\">Comprometerse a realizar un uso correcto de los recursos, con estricto cumplimiento de la legislaci\u00f3n vigente, con respeto al conjunto de normas de comportamiento general en Internet.<\/span><\/p>\n<\/li>\n<li>\n<p><span style=\"color: #000000;\">Aceptar los t\u00e9rminos y condiciones o bases de participaci\u00f3n de un servicio o recurso concreto cuando estas fueran necesarias, lo que ser\u00e1 expl\u00edcitamente requerido en su caso.<\/span><\/p>\n<\/li>\n<li>\n<p><span style=\"color: #000000;\">No se podr\u00e1 usar la Web fuera de los t\u00e9rminos aceptados por las presentes condiciones de uso, para fines il\u00edcitos, contrarios a la moral o al orden p\u00fablico en cualquiera de sus expresiones, o constitutivas de delito.<\/span><\/p>\n<\/li>\n<\/ol>\n<h2><span style=\"color: #000000;\">4. Propiedad Intelectual e Industrial<\/span><\/h2>\n<p><span style=\"color: #000000;\"><b>Beagle Technology SL<\/b> es propietaria de parte de las herramientas que forman parte de esta Web y dispone de las licencias de uso correspondientes de los contenidos que no son de su propiedad.&nbsp;El acceso a la Web no otorga a los Usuarios derecho ni titularidad alguna sobre los derechos de propiedad intelectual y\/o industrial de los contenidos que alberga.&nbsp;<\/span><\/p><p><span style=\"color: #000000;\">La Web est\u00e1 protegida por las leyes que regulan la propiedad intelectual e industrial, incluyendo todos los derechos de autor, patentes, derechos de secreto comercial, marcas y cualquier otro derecho de propiedad intelectual o industrial.<\/span><\/p><p><span style=\"color: #000000;\">Queda terminantemente prohibida la distribuci\u00f3n, reproducci\u00f3n, transmisi\u00f3n, comunicaci\u00f3n, modificaci\u00f3n, transformaci\u00f3n, registro o archivo, total o parcial, de la misma, cualquiera que sea el medio a utilizar, sin la autorizaci\u00f3n previa y expresa de&nbsp;Beagle Technology SL, fuera de lo expresamente permitido por las presentes <b>Condiciones de acceso y uso (punto 3).<\/b><\/span><\/p>\n<ul>\n<li><span style=\"color: #000000;\">Los <b>derechos de propiedad intelectual de las herramientas, la informaci\u00f3n y material<\/b> que aparecen en la misma as\u00ed como de su disposici\u00f3n (con car\u00e1cter enunciativo y no limitativo, c\u00f3digo fuente, dise\u00f1o gr\u00e1fico, software y contenidos) pertenecen a Beagle Technology SL, salvo que se indique lo contrario, y se encuentran protegidos por la <b>normativa de Propiedad Intelectual e Industrial<\/b>, contando con las licencias necesarias para su utilizaci\u00f3n y no pudiendo ser objeto de explotaci\u00f3n alguna por los Usuarios.&nbsp;<\/span><\/li>\n<li><span style=\"color: #000000;\">En consecuencia, los Usuarios de la Web se comprometen a no reproducir, modificar, exhibir, vender, comunicar, transformar o distribuir el contenido ni a usarlo de cualquier otro modo sea cual fuere su finalidad, sin la autorizaci\u00f3n del autor o de Beagle Technology SL.<\/span><\/li>\n<li><span style=\"color: #000000;\">No est\u00e1 permitido suprimir, eludir o manipular el aviso de derechos de autor (\u201cCopyright\u201d) y cualesquiera otros datos de identificaci\u00f3n de los derechos de Beagle Technology SL, o de terceros incorporados en las herramientas.&nbsp;<\/span><\/li>\n<li><span style=\"color: #000000;\">Beagle Technology SL&nbsp;se reserva la posibilidad de ejercer las acciones legales que correspondan contra los Usuarios que violen o infrinjan los derechos de propiedad intelectual y\/o industrial.<\/span><\/li>\n<\/ul>\n<h2><span style=\"color: #000000;\">5. Protecci\u00f3n de datos de car\u00e1cter personal<\/span><\/h2>\n<p><span style=\"color: #000000;\">Beagle Technology SL ha adoptado todas las medidas de seguridad, tanto t\u00e9cnicas como organizativas, exigidas por la normativa en protecci\u00f3n de datos, m\u00e1s concretamente seg\u00fan el Reglamento 2016\/679 Europeo de Protecci\u00f3n de Datos (Reglamento General de Protecci\u00f3n de Datos) y la Ley Org\u00e1nica 3\/2018, de 5 de diciembre, de Protecci\u00f3n de Datos de Car\u00e1cter Personal y Garant\u00eda de los Derechos Digitales. M\u00e1s informaci\u00f3n en el apartado <a href=\"https:\/\/www.beagle-labs.eu\/politica-privacidad\/\">Pol\u00edtica de privacidad.<\/a><\/span><\/p>\n<h2><span style=\"color: #000000;\">6. Legislaci\u00f3n y jurisdicci\u00f3n aplicable<\/span><\/h2>\n<p><span style=\"color: #000000;\">Todo litigio, discrepancia, cuesti\u00f3n o reclamaci\u00f3n derivado de la ejecuci\u00f3n o interpretaci\u00f3n de las presentes condiciones o relacionado con ellas, as\u00ed como de otros textos recogidos en la web, se regir\u00e1 y resolver\u00e1 con sometimiento a la legislaci\u00f3n espa\u00f1ola y a los Juzgados y Tribunales competentes.&nbsp;<\/span><\/p>\n<p><span style=\"color: #000000;\">No obstante, con car\u00e1cter previo al ejercicio de cualquier acci\u00f3n civil o penal que seg\u00fan la ley corresponda, la Entidad y el Usuario se comprometen a <b>resolverla de com\u00fan acuerdo antes y durante el plazo de un (1) mes<\/b>, contado desde la fecha en que una de las partes notifique por escrito a la otra, su pretensi\u00f3n.<\/span><\/p>\t\t\t\t\t\t\t\t<\/div>\n\t\t\t\t<\/div>\n\t\t\t\t\t<\/div>\n\t\t<\/div>\n\t\t\t\t\t<\/div>\n\t\t<\/section>\n\t\t\t\t<\/div>\n\t\t","protected":false},"excerpt":{"rendered":"<p>AVISO LEGAL 1. Identificaci\u00f3n Nombre de la compa\u00f1\u00eda: Beagle Technology SL Direcci\u00f3n: Pol\u00edgono da G\u00e1ndara, Avda. do Mar 148, 2\u00ba 15570 Nar\u00f3n, A Coru\u00f1a CIF: B67942250 e-mail:&nbsp;info@beagle-labs.eu Inscrita en el registro mercantil de A Coru\u00f1a con fecha 14\/01\/2022, n\u00famero de inscripci\u00f3n 1, tomo 3773, folio 210, hoja 61475 2. Objeto Estas condiciones regulan el uso [&hellip;]<\/p>\n","protected":false},"author":3,"featured_media":3517,"parent":0,"menu_order":10,"comment_status":"closed","ping_status":"closed","template":"elementor_header_footer","meta":{"footnotes":""},"class_list":["post-475","page","type-page","status-publish","has-post-thumbnail","hentry"],"yoast_head":"<!-- This site is optimized with the Yoast SEO plugin v27.2 - https:\/\/yoast.com\/product\/yoast-seo-wordpress\/ -->\n<title>Aviso Legal &#8226; Beagle labs<\/title>\n<meta name=\"description\" content=\"Aviso Legal de la web de Beagle labs. Conoce al responsable de la p\u00e1gina, el funcionamiento b\u00e1sico y tus derechos.\" \/>\n<meta name=\"robots\" content=\"noindex, nofollow\" \/>\n<meta property=\"og:locale\" content=\"es_ES\" \/>\n<meta property=\"og:type\" content=\"article\" \/>\n<meta property=\"og:title\" content=\"Aviso Legal &#8226; Beagle labs\" \/>\n<meta property=\"og:description\" content=\"Aviso Legal de la web de Beagle labs. Conoce al responsable de la p\u00e1gina, el funcionamiento b\u00e1sico y tus derechos.\" \/>\n<meta property=\"og:url\" content=\"https:\/\/www.beagle-labs.eu\/es\/aviso-legal\/\" \/>\n<meta property=\"og:site_name\" content=\"Beagle labs\" \/>\n<meta property=\"article:modified_time\" content=\"2025-03-14T09:12:07+00:00\" \/>\n<meta property=\"og:image\" content=\"https:\/\/www.beagle-labs.eu\/wp-content\/uploads\/Foto-Aerea-Beagle-ciudad-5.webp\" \/>\n\t<meta property=\"og:image:width\" content=\"800\" \/>\n\t<meta property=\"og:image:height\" content=\"800\" \/>\n\t<meta property=\"og:image:type\" content=\"image\/webp\" \/>\n<meta name=\"twitter:card\" content=\"summary_large_image\" \/>\n<meta name=\"twitter:label1\" content=\"Tiempo de lectura\" \/>\n\t<meta name=\"twitter:data1\" content=\"4 minutos\" \/>\n<script type=\"application\/ld+json\" class=\"yoast-schema-graph\">{\"@context\":\"https:\/\/schema.org\",\"@graph\":[{\"@type\":\"TechArticle\",\"@id\":\"https:\/\/www.beagle-labs.eu\/es\/aviso-legal\/#article\",\"isPartOf\":{\"@id\":\"https:\/\/www.beagle-labs.eu\/es\/aviso-legal\/\"},\"author\":{\"name\":\"Marta Ram\u00edrez\",\"@id\":\"https:\/\/www.beagle-labs.eu\/#\/schema\/person\/568d175ff8276b439d4bc776a819db71\"},\"headline\":\"Aviso Legal\",\"datePublished\":\"2022-10-10T13:46:10+00:00\",\"dateModified\":\"2025-03-14T09:12:07+00:00\",\"mainEntityOfPage\":{\"@id\":\"https:\/\/www.beagle-labs.eu\/es\/aviso-legal\/\"},\"wordCount\":857,\"publisher\":{\"@id\":\"https:\/\/www.beagle-labs.eu\/#organization\"},\"image\":{\"@id\":\"https:\/\/www.beagle-labs.eu\/es\/aviso-legal\/#primaryimage\"},\"thumbnailUrl\":\"https:\/\/www.beagle-labs.eu\/wp-content\/uploads\/Foto-Aerea-Beagle-ciudad-5.webp\",\"inLanguage\":\"es\"},{\"@type\":\"WebPage\",\"@id\":\"https:\/\/www.beagle-labs.eu\/es\/aviso-legal\/\",\"url\":\"https:\/\/www.beagle-labs.eu\/es\/aviso-legal\/\",\"name\":\"Aviso Legal &#8226; Beagle labs\",\"isPartOf\":{\"@id\":\"https:\/\/www.beagle-labs.eu\/#website\"},\"primaryImageOfPage\":{\"@id\":\"https:\/\/www.beagle-labs.eu\/es\/aviso-legal\/#primaryimage\"},\"image\":{\"@id\":\"https:\/\/www.beagle-labs.eu\/es\/aviso-legal\/#primaryimage\"},\"thumbnailUrl\":\"https:\/\/www.beagle-labs.eu\/wp-content\/uploads\/Foto-Aerea-Beagle-ciudad-5.webp\",\"datePublished\":\"2022-10-10T13:46:10+00:00\",\"dateModified\":\"2025-03-14T09:12:07+00:00\",\"description\":\"Aviso Legal de la web de Beagle labs. Conoce al responsable de la p\u00e1gina, el funcionamiento b\u00e1sico y tus derechos.\",\"breadcrumb\":{\"@id\":\"https:\/\/www.beagle-labs.eu\/es\/aviso-legal\/#breadcrumb\"},\"inLanguage\":\"es\",\"potentialAction\":[{\"@type\":\"ReadAction\",\"target\":[\"https:\/\/www.beagle-labs.eu\/es\/aviso-legal\/\"]}]},{\"@type\":\"ImageObject\",\"inLanguage\":\"es\",\"@id\":\"https:\/\/www.beagle-labs.eu\/es\/aviso-legal\/#primaryimage\",\"url\":\"https:\/\/www.beagle-labs.eu\/wp-content\/uploads\/Foto-Aerea-Beagle-ciudad-5.webp\",\"contentUrl\":\"https:\/\/www.beagle-labs.eu\/wp-content\/uploads\/Foto-Aerea-Beagle-ciudad-5.webp\",\"width\":800,\"height\":800,\"caption\":\"Fotograf\u00eda a\u00e9rea de carreteras.\"},{\"@type\":\"BreadcrumbList\",\"@id\":\"https:\/\/www.beagle-labs.eu\/es\/aviso-legal\/#breadcrumb\",\"itemListElement\":[{\"@type\":\"ListItem\",\"position\":1,\"name\":\"Inicio\",\"item\":\"https:\/\/www.beagle-labs.eu\/\"},{\"@type\":\"ListItem\",\"position\":2,\"name\":\"Aviso Legal\"}]},{\"@type\":\"WebSite\",\"@id\":\"https:\/\/www.beagle-labs.eu\/#website\",\"url\":\"https:\/\/www.beagle-labs.eu\/\",\"name\":\"Beagle labs\",\"description\":\"Mejora la eficacia de tu v\u00eddeo a\u00e9reo\",\"publisher\":{\"@id\":\"https:\/\/www.beagle-labs.eu\/#organization\"},\"potentialAction\":[{\"@type\":\"SearchAction\",\"target\":{\"@type\":\"EntryPoint\",\"urlTemplate\":\"https:\/\/www.beagle-labs.eu\/?s={search_term_string}\"},\"query-input\":{\"@type\":\"PropertyValueSpecification\",\"valueRequired\":true,\"valueName\":\"search_term_string\"}}],\"inLanguage\":\"es\"},{\"@type\":\"Organization\",\"@id\":\"https:\/\/www.beagle-labs.eu\/#organization\",\"name\":\"Beagle Technology\",\"alternateName\":\"Beagle Labs\",\"url\":\"https:\/\/www.beagle-labs.eu\/\",\"logo\":{\"@type\":\"ImageObject\",\"inLanguage\":\"es\",\"@id\":\"https:\/\/www.beagle-labs.eu\/#\/schema\/logo\/image\/\",\"url\":\"https:\/\/www.beagle-labs.eu\/wp-content\/uploads\/2022\/09\/logo_beagle.webp\",\"contentUrl\":\"https:\/\/www.beagle-labs.eu\/wp-content\/uploads\/2022\/09\/logo_beagle.webp\",\"width\":1585,\"height\":578,\"caption\":\"Beagle Technology\"},\"image\":{\"@id\":\"https:\/\/www.beagle-labs.eu\/#\/schema\/logo\/image\/\"},\"sameAs\":[\"https:\/\/www.linkedin.com\/company\/beagle-labs\/\"]},{\"@type\":\"Person\",\"@id\":\"https:\/\/www.beagle-labs.eu\/#\/schema\/person\/568d175ff8276b439d4bc776a819db71\",\"name\":\"Marta Ram\u00edrez\",\"image\":{\"@type\":\"ImageObject\",\"inLanguage\":\"es\",\"@id\":\"https:\/\/secure.gravatar.com\/avatar\/fd7149ea0a97108a4f38b459bfd8057b16a74d8e2a58d2e28fa57caa8869cf04?s=96&d=mm&r=g\",\"url\":\"https:\/\/secure.gravatar.com\/avatar\/fd7149ea0a97108a4f38b459bfd8057b16a74d8e2a58d2e28fa57caa8869cf04?s=96&d=mm&r=g\",\"contentUrl\":\"https:\/\/secure.gravatar.com\/avatar\/fd7149ea0a97108a4f38b459bfd8057b16a74d8e2a58d2e28fa57caa8869cf04?s=96&d=mm&r=g\",\"caption\":\"Marta Ram\u00edrez\"},\"url\":\"https:\/\/www.beagle-labs.eu\/es\/author\/marta-ramirez\/\"}]}<\/script>\n<!-- \/ Yoast SEO plugin. -->","yoast_head_json":{"title":"Aviso Legal &#8226; Beagle labs","description":"Aviso Legal de la web de Beagle labs. Conoce al responsable de la p\u00e1gina, el funcionamiento b\u00e1sico y tus derechos.","robots":{"index":"noindex","follow":"nofollow"},"og_locale":"es_ES","og_type":"article","og_title":"Aviso Legal &#8226; Beagle labs","og_description":"Aviso Legal de la web de Beagle labs. Conoce al responsable de la p\u00e1gina, el funcionamiento b\u00e1sico y tus derechos.","og_url":"https:\/\/www.beagle-labs.eu\/es\/aviso-legal\/","og_site_name":"Beagle labs","article_modified_time":"2025-03-14T09:12:07+00:00","og_image":[{"width":800,"height":800,"url":"https:\/\/www.beagle-labs.eu\/wp-content\/uploads\/Foto-Aerea-Beagle-ciudad-5.webp","type":"image\/webp"}],"twitter_card":"summary_large_image","twitter_misc":{"Tiempo de lectura":"4 minutos"},"schema":{"@context":"https:\/\/schema.org","@graph":[{"@type":"TechArticle","@id":"https:\/\/www.beagle-labs.eu\/es\/aviso-legal\/#article","isPartOf":{"@id":"https:\/\/www.beagle-labs.eu\/es\/aviso-legal\/"},"author":{"name":"Marta Ram\u00edrez","@id":"https:\/\/www.beagle-labs.eu\/#\/schema\/person\/568d175ff8276b439d4bc776a819db71"},"headline":"Aviso Legal","datePublished":"2022-10-10T13:46:10+00:00","dateModified":"2025-03-14T09:12:07+00:00","mainEntityOfPage":{"@id":"https:\/\/www.beagle-labs.eu\/es\/aviso-legal\/"},"wordCount":857,"publisher":{"@id":"https:\/\/www.beagle-labs.eu\/#organization"},"image":{"@id":"https:\/\/www.beagle-labs.eu\/es\/aviso-legal\/#primaryimage"},"thumbnailUrl":"https:\/\/www.beagle-labs.eu\/wp-content\/uploads\/Foto-Aerea-Beagle-ciudad-5.webp","inLanguage":"es"},{"@type":"WebPage","@id":"https:\/\/www.beagle-labs.eu\/es\/aviso-legal\/","url":"https:\/\/www.beagle-labs.eu\/es\/aviso-legal\/","name":"Aviso Legal &#8226; Beagle labs","isPartOf":{"@id":"https:\/\/www.beagle-labs.eu\/#website"},"primaryImageOfPage":{"@id":"https:\/\/www.beagle-labs.eu\/es\/aviso-legal\/#primaryimage"},"image":{"@id":"https:\/\/www.beagle-labs.eu\/es\/aviso-legal\/#primaryimage"},"thumbnailUrl":"https:\/\/www.beagle-labs.eu\/wp-content\/uploads\/Foto-Aerea-Beagle-ciudad-5.webp","datePublished":"2022-10-10T13:46:10+00:00","dateModified":"2025-03-14T09:12:07+00:00","description":"Aviso Legal de la web de Beagle labs. Conoce al responsable de la p\u00e1gina, el funcionamiento b\u00e1sico y tus derechos.","breadcrumb":{"@id":"https:\/\/www.beagle-labs.eu\/es\/aviso-legal\/#breadcrumb"},"inLanguage":"es","potentialAction":[{"@type":"ReadAction","target":["https:\/\/www.beagle-labs.eu\/es\/aviso-legal\/"]}]},{"@type":"ImageObject","inLanguage":"es","@id":"https:\/\/www.beagle-labs.eu\/es\/aviso-legal\/#primaryimage","url":"https:\/\/www.beagle-labs.eu\/wp-content\/uploads\/Foto-Aerea-Beagle-ciudad-5.webp","contentUrl":"https:\/\/www.beagle-labs.eu\/wp-content\/uploads\/Foto-Aerea-Beagle-ciudad-5.webp","width":800,"height":800,"caption":"Fotograf\u00eda a\u00e9rea de carreteras."},{"@type":"BreadcrumbList","@id":"https:\/\/www.beagle-labs.eu\/es\/aviso-legal\/#breadcrumb","itemListElement":[{"@type":"ListItem","position":1,"name":"Inicio","item":"https:\/\/www.beagle-labs.eu\/"},{"@type":"ListItem","position":2,"name":"Aviso Legal"}]},{"@type":"WebSite","@id":"https:\/\/www.beagle-labs.eu\/#website","url":"https:\/\/www.beagle-labs.eu\/","name":"Beagle labs","description":"Mejora la eficacia de tu v\u00eddeo a\u00e9reo","publisher":{"@id":"https:\/\/www.beagle-labs.eu\/#organization"},"potentialAction":[{"@type":"SearchAction","target":{"@type":"EntryPoint","urlTemplate":"https:\/\/www.beagle-labs.eu\/?s={search_term_string}"},"query-input":{"@type":"PropertyValueSpecification","valueRequired":true,"valueName":"search_term_string"}}],"inLanguage":"es"},{"@type":"Organization","@id":"https:\/\/www.beagle-labs.eu\/#organization","name":"Beagle Technology","alternateName":"Beagle Labs","url":"https:\/\/www.beagle-labs.eu\/","logo":{"@type":"ImageObject","inLanguage":"es","@id":"https:\/\/www.beagle-labs.eu\/#\/schema\/logo\/image\/","url":"https:\/\/www.beagle-labs.eu\/wp-content\/uploads\/2022\/09\/logo_beagle.webp","contentUrl":"https:\/\/www.beagle-labs.eu\/wp-content\/uploads\/2022\/09\/logo_beagle.webp","width":1585,"height":578,"caption":"Beagle Technology"},"image":{"@id":"https:\/\/www.beagle-labs.eu\/#\/schema\/logo\/image\/"},"sameAs":["https:\/\/www.linkedin.com\/company\/beagle-labs\/"]},{"@type":"Person","@id":"https:\/\/www.beagle-labs.eu\/#\/schema\/person\/568d175ff8276b439d4bc776a819db71","name":"Marta Ram\u00edrez","image":{"@type":"ImageObject","inLanguage":"es","@id":"https:\/\/secure.gravatar.com\/avatar\/fd7149ea0a97108a4f38b459bfd8057b16a74d8e2a58d2e28fa57caa8869cf04?s=96&d=mm&r=g","url":"https:\/\/secure.gravatar.com\/avatar\/fd7149ea0a97108a4f38b459bfd8057b16a74d8e2a58d2e28fa57caa8869cf04?s=96&d=mm&r=g","contentUrl":"https:\/\/secure.gravatar.com\/avatar\/fd7149ea0a97108a4f38b459bfd8057b16a74d8e2a58d2e28fa57caa8869cf04?s=96&d=mm&r=g","caption":"Marta Ram\u00edrez"},"url":"https:\/\/www.beagle-labs.eu\/es\/author\/marta-ramirez\/"}]}},"_links":{"self":[{"href":"https:\/\/www.beagle-labs.eu\/es\/wp-json\/wp\/v2\/pages\/475","targetHints":{"allow":["GET"]}}],"collection":[{"href":"https:\/\/www.beagle-labs.eu\/es\/wp-json\/wp\/v2\/pages"}],"about":[{"href":"https:\/\/www.beagle-labs.eu\/es\/wp-json\/wp\/v2\/types\/page"}],"author":[{"embeddable":true,"href":"https:\/\/www.beagle-labs.eu\/es\/wp-json\/wp\/v2\/users\/3"}],"replies":[{"embeddable":true,"href":"https:\/\/www.beagle-labs.eu\/es\/wp-json\/wp\/v2\/comments?post=475"}],"version-history":[{"count":92,"href":"https:\/\/www.beagle-labs.eu\/es\/wp-json\/wp\/v2\/pages\/475\/revisions"}],"predecessor-version":[{"id":4923,"href":"https:\/\/www.beagle-labs.eu\/es\/wp-json\/wp\/v2\/pages\/475\/revisions\/4923"}],"wp:featuredmedia":[{"embeddable":true,"href":"https:\/\/www.beagle-labs.eu\/es\/wp-json\/wp\/v2\/media\/3517"}],"wp:attachment":[{"href":"https:\/\/www.beagle-labs.eu\/es\/wp-json\/wp\/v2\/media?parent=475"}],"curies":[{"name":"wp","href":"https:\/\/api.w.org\/{rel}","templated":true}]}}