{"id":497,"date":"2022-10-10T14:13:11","date_gmt":"2022-10-10T14:13:11","guid":{"rendered":"https:\/\/www.beagle-labs.eu\/?page_id=497"},"modified":"2025-03-13T12:38:07","modified_gmt":"2025-03-13T11:38:07","slug":"politica-privacidad","status":"publish","type":"page","link":"https:\/\/www.beagle-labs.eu\/es\/politica-privacidad\/","title":{"rendered":"Pol\u00edtica de privacidad"},"content":{"rendered":"\t\t<div data-elementor-type=\"wp-page\" data-elementor-id=\"497\" class=\"elementor elementor-497\" data-elementor-post-type=\"page\">\n\t\t\t\t\t\t<section class=\"elementor-section elementor-top-section elementor-element elementor-element-7cbd791 elementor-section-boxed elementor-section-height-default elementor-section-height-default\" data-id=\"7cbd791\" data-element_type=\"section\" data-e-type=\"section\" data-settings=\"{&quot;background_background&quot;:&quot;classic&quot;}\">\n\t\t\t\t\t\t<div class=\"elementor-container elementor-column-gap-default\">\n\t\t\t\t\t<div class=\"elementor-column elementor-col-100 elementor-top-column elementor-element elementor-element-45c3c1a\" data-id=\"45c3c1a\" data-element_type=\"column\" data-e-type=\"column\">\n\t\t\t<div class=\"elementor-widget-wrap elementor-element-populated\">\n\t\t\t\t\t\t<div class=\"elementor-element elementor-element-c06e05a elementor-widget elementor-widget-heading\" data-id=\"c06e05a\" data-element_type=\"widget\" data-e-type=\"widget\" data-widget_type=\"heading.default\">\n\t\t\t\t<div class=\"elementor-widget-container\">\n\t\t\t\t\t<h1 class=\"elementor-heading-title elementor-size-default\">POL\u00cdTICA DE PRIVACIDAD<\/h1>\t\t\t\t<\/div>\n\t\t\t\t<\/div>\n\t\t\t\t<div class=\"elementor-element elementor-element-8697809 elementor-widget elementor-widget-text-editor\" data-id=\"8697809\" data-element_type=\"widget\" data-e-type=\"widget\" data-widget_type=\"text-editor.default\">\n\t\t\t\t<div class=\"elementor-widget-container\">\n\t\t\t\t\t\t\t\t\t<h2><span style=\"color: #000000;\">1. Responsable del tratamiento<\/span><\/h2>\n<p><span style=\"color: #000000;\"><!-- \/wp:heading --><!-- wp:paragraph --><\/span><\/p>\n<ul>\n<li>\n<p>Nombre de la compa\u00f1\u00eda: Beagle Technology SL<\/p>\n<\/li>\n<li>\n<p>Direcci\u00f3n: Pol\u00edgono da G\u00e1ndara, Avda. do Mar 148, 2\u00ba 15570 Nar\u00f3n, A Coru\u00f1a<\/p>\n<\/li>\n<li>\n<p>CIF: B67942250<\/p>\n<\/li>\n<li>\n<p><span style=\"color: #000000;\"><span style=\"background-color: transparent; font-weight: var( --e-global-typography-text-font-weight );\">e-mail:<\/span>\u00a0<\/span><a href=\"mailto:info@beagle-labs.eu\" target=\"_blank\" rel=\"noopener\">info@beagle-labs.eu<\/a><\/p>\n<\/li>\n<li>\n<p>Inscrita en el registro mercantil de A Coru\u00f1a con fecha 14\/01\/2022, n\u00famero de inscripci\u00f3n 1, tomo 3773, folio 210, hoja 61475<\/p>\n<\/li>\n<\/ul>\n<p><span style=\"color: #000000;\"><!-- \/wp:paragraph --><!-- wp:heading --><\/span><\/p>\n<h2><span style=\"color: #000000;\">2. Comentarios<\/span><\/h2>\n<p><span style=\"color: #000000;\"><!-- \/wp:heading --><!-- wp:paragraph --><\/span><\/p>\n<p><span style=\"color: #000000;\">Los Usuarios pueden dejar comentarios en la web; nosotros recopilamos los datos que se muestran en el formulario de comentarios, as\u00ed como la direcci\u00f3n IP del visitante y la cadena de agentes de usuario del navegador para ayudar a la detecci\u00f3n de spam.\u00a0Una cadena an\u00f3nima creada a partir de la direcci\u00f3n de correo electr\u00f3nico (tambi\u00e9n llamada hash) puede ser proporcionada al servicio de Gravatar para ver si se est\u00e1 usando. La pol\u00edtica de privacidad del servicio Gravatar est\u00e1 disponible aqu\u00ed: https:\/\/automattic.com\/privacy\/. Despu\u00e9s de la aprobaci\u00f3n de los comentarios, la imagen de perfil del Usuario es visible para el p\u00fablico en el contexto \u00abcomentarios\u00bb.<\/span><\/p>\n<p><span style=\"color: #000000;\"><!-- \/wp:paragraph --><!-- wp:heading --><\/span><\/p>\n<h2><span style=\"color: #000000;\">3. Medios<\/span><\/h2>\n<p><span style=\"color: #000000;\">Si un Usuario sube im\u00e1genes a la Web, se recomienda que no incluyan datos de ubicaci\u00f3n (GPS EXIF). Los Usuarios pueden descargar y extraer cualquier dato de ubicaci\u00f3n de las im\u00e1genes de la Web.<\/span><\/p>\n<p><span style=\"color: #000000;\"><!-- \/wp:paragraph --><!-- wp:heading --><\/span><\/p>\n<h2><span style=\"color: #000000;\">4. Cookies<\/span><\/h2>\n<p><span style=\"color: #000000;\"><!-- \/wp:heading --><!-- wp:paragraph --><\/span><\/p>\n<p><span style=\"color: #000000;\">Cuando un usuario deja un comentario en nuestra Web podr\u00e1 guardar su nombre, direcci\u00f3n de correo electr\u00f3nico y web en cookies, para no tener que rellenar de nuevo los datos. Estas cookies tendr\u00e1n una duraci\u00f3n de un a\u00f1o.<\/span><\/p>\n<p><span style=\"color: #000000;\"><!-- \/wp:paragraph --><!-- wp:paragraph --><\/span><\/p>\n<p><span style=\"color: #000000;\">Si el Usuario tiene una cuenta instalaremos una cookie temporal para determinar si el navegador acepta cookies. Esta cookie no contiene datos personales y se elimina al cerrar el navegador.<\/span><\/p>\n<p><span style=\"color: #000000;\"><!-- \/wp:paragraph --><!-- wp:paragraph --><\/span><\/p>\n<p><span style=\"color: #000000;\">Cuando el Usuario accede, tambi\u00e9n instalaremos varias cookies para guardar informaci\u00f3n de acceso y opciones de visualizaci\u00f3n de pantalla. Las cookies de acceso duran dos d\u00edas, y las cookies de opciones de pantalla duran un a\u00f1o. Si el Usuario selecciona \u00abRecu\u00e9rdame\u00bb, el acceso perdurar\u00e1 durante dos semanas. Si sale de su cuenta, las cookies de acceso se eliminar\u00e1n.<\/span><\/p>\n<p><span style=\"color: #000000;\"><!-- \/wp:paragraph --><!-- wp:paragraph --><\/span><\/p>\n<h2><span style=\"color: #000000;\">5. Contenido incrustado de otros sitios web<\/span><\/h2>\n<p><span style=\"color: #000000;\"><!-- \/wp:heading --><!-- wp:paragraph --><\/span><\/p>\n<p><span style=\"color: #000000;\">El contenido de esta Web puede incluir contenido incrustado (ej. v\u00eddeos, im\u00e1genes, art\u00edculos, etc.). El contenido incrustado de otras Webs se comporta exactamente de la misma manera que si el Usuario hubiera visitado la otra Web.\u00a0Estas Webs pueden recopilar datos sobre el Usuario, utilizar cookies, incrustar un seguimiento adicional de terceros, y supervisar la interacci\u00f3n con ese contenido incrustado, incluido el seguimiento de interacci\u00f3n con el contenido incrustado.<\/span><\/p>\n<p><span style=\"color: #000000;\"><!-- \/wp:paragraph --><!-- wp:heading --><\/span><\/p>\n<h2><span style=\"color: #000000;\">6. Con qui\u00e9n compartimos datos<\/span><\/h2>\n<p><span style=\"color: #000000;\"><!-- \/wp:heading --><!-- wp:paragraph --><\/span><\/p>\n<p><span style=\"color: #000000;\">No compartimos tus datos con nadie. Si solicitas un restablecimiento de contrase\u00f1a, tu direcci\u00f3n IP ser\u00e1 incluida en el correo electr\u00f3nico de restablecimiento.<\/span><\/p>\n<p><span style=\"color: #000000;\"><!-- \/wp:paragraph --><!-- wp:heading --><\/span><\/p>\n<h2><span style=\"color: #000000;\">7. Cu\u00e1nto tiempo conservamos los datos<\/span><\/h2>\n<p><span style=\"color: #000000;\"><!-- \/wp:heading --><!-- wp:paragraph --><\/span><\/p>\n<p><span style=\"color: #000000;\">Si un Usuario deja un comentario, el comentario y sus metadatos se conservan indefinidamente. Esto es para que podamos reconocer y aprobar comentarios sucesivos autom\u00e1ticamente, en lugar de mantenerlos en una cola de moderaci\u00f3n.\u00a0De los Usuarios que se registran en nuestra web (si los hubiese), tambi\u00e9n almacenamos la informaci\u00f3n personal que proporcionan en su perfil de Usuario. Todos los Usuarios pueden ver, editar o eliminar su informaci\u00f3n personal en cualquier momento (excepto que no pueden cambiar su nombre de usuario). Los administradores de la Web tambi\u00e9n pueden ver y editar esa informaci\u00f3n.<\/span><\/p>\n<p><span style=\"color: #000000;\"><!-- \/wp:paragraph --><!-- wp:heading --><\/span><\/p>\n<h2><span style=\"color: #000000;\">8. Derechos sobre los datos<\/span><\/h2>\n<p><span style=\"color: #000000;\"><!-- \/wp:heading --><!-- wp:paragraph --><\/span><\/p>\n<p><span style=\"color: #000000;\">Si el Usuario tiene una cuenta o ha dejado comentarios en esta Web, puede solicitar un archivo de exportaci\u00f3n de los datos personales que tenemos sobre los Usuarios Activos, incluyendo cualquier dato que nos hayan proporcionado. Tambi\u00e9n pueden solicitar que eliminemos cualquier dato personal que tengamos. Esto no incluye ning\u00fan dato que estemos obligados a conservar con fines administrativos, legales o de seguridad.<\/span><\/p>\n<p><span style=\"color: #000000;\"><!-- \/wp:paragraph --><!-- wp:heading --><\/span><\/p>\n<h2><span style=\"color: #000000;\">9. D\u00f3nde se env\u00edan los datos<\/span><\/h2>\n<p><span style=\"color: #000000;\"><!-- \/wp:heading --><!-- wp:paragraph --><\/span><\/p>\n<p><span style=\"color: #000000;\">Los comentarios de los Usuarios pueden ser revisados por un servicio de detecci\u00f3n autom\u00e1tica de spam.<\/span><\/p>\t\t\t\t\t\t\t\t<\/div>\n\t\t\t\t<\/div>\n\t\t\t\t\t<\/div>\n\t\t<\/div>\n\t\t\t\t\t<\/div>\n\t\t<\/section>\n\t\t\t\t<\/div>\n\t\t","protected":false},"excerpt":{"rendered":"<p>POL\u00cdTICA DE PRIVACIDAD 1. Responsable del tratamiento Nombre de la compa\u00f1\u00eda: Beagle Technology SL Direcci\u00f3n: Pol\u00edgono da G\u00e1ndara, Avda. do Mar 148, 2\u00ba 15570 Nar\u00f3n, A Coru\u00f1a CIF: B67942250 e-mail:\u00a0info@beagle-labs.eu Inscrita en el registro mercantil de A Coru\u00f1a con fecha 14\/01\/2022, n\u00famero de inscripci\u00f3n 1, tomo 3773, folio 210, hoja 61475 2. Comentarios Los Usuarios [&hellip;]<\/p>\n","protected":false},"author":3,"featured_media":0,"parent":0,"menu_order":11,"comment_status":"closed","ping_status":"closed","template":"elementor_header_footer","meta":{"footnotes":""},"class_list":["post-497","page","type-page","status-publish","hentry"],"yoast_head":"<!-- This site is optimized with the Yoast SEO plugin v27.2 - https:\/\/yoast.com\/product\/yoast-seo-wordpress\/ -->\n<title>Pol\u00edtica de privacidad &#8226; Beagle labs<\/title>\n<meta name=\"description\" content=\"Pol\u00edtica de privacidad de Beagle labs. Conciencia situacional para UAVs. Nos preocupamos por tu seguridad, tambi\u00e9n en nuestra web.\" \/>\n<meta name=\"robots\" content=\"noindex, nofollow\" \/>\n<meta property=\"og:locale\" content=\"es_ES\" \/>\n<meta property=\"og:type\" content=\"article\" \/>\n<meta property=\"og:title\" content=\"Pol\u00edtica de privacidad &#8226; Beagle labs\" \/>\n<meta property=\"og:description\" content=\"Pol\u00edtica de privacidad de Beagle labs. Conciencia situacional para UAVs. Nos preocupamos por tu seguridad, tambi\u00e9n en nuestra web.\" \/>\n<meta property=\"og:url\" content=\"https:\/\/www.beagle-labs.eu\/es\/politica-privacidad\/\" \/>\n<meta property=\"og:site_name\" content=\"Beagle labs\" \/>\n<meta property=\"article:modified_time\" content=\"2025-03-13T11:38:07+00:00\" \/>\n<meta name=\"twitter:card\" content=\"summary_large_image\" \/>\n<meta name=\"twitter:label1\" content=\"Tiempo de lectura\" \/>\n\t<meta name=\"twitter:data1\" content=\"3 minutos\" \/>\n<script type=\"application\/ld+json\" class=\"yoast-schema-graph\">{\"@context\":\"https:\/\/schema.org\",\"@graph\":[{\"@type\":\"WebPage\",\"@id\":\"https:\/\/www.beagle-labs.eu\/politica-privacidad\/\",\"url\":\"https:\/\/www.beagle-labs.eu\/politica-privacidad\/\",\"name\":\"Pol\u00edtica de privacidad &#8226; Beagle labs\",\"isPartOf\":{\"@id\":\"https:\/\/www.beagle-labs.eu\/#website\"},\"datePublished\":\"2022-10-10T14:13:11+00:00\",\"dateModified\":\"2025-03-13T11:38:07+00:00\",\"description\":\"Pol\u00edtica de privacidad de Beagle labs. Conciencia situacional para UAVs. Nos preocupamos por tu seguridad, tambi\u00e9n en nuestra web.\",\"breadcrumb\":{\"@id\":\"https:\/\/www.beagle-labs.eu\/politica-privacidad\/#breadcrumb\"},\"inLanguage\":\"es\",\"potentialAction\":[{\"@type\":\"ReadAction\",\"target\":[\"https:\/\/www.beagle-labs.eu\/politica-privacidad\/\"]}]},{\"@type\":\"BreadcrumbList\",\"@id\":\"https:\/\/www.beagle-labs.eu\/politica-privacidad\/#breadcrumb\",\"itemListElement\":[{\"@type\":\"ListItem\",\"position\":1,\"name\":\"Inicio\",\"item\":\"https:\/\/www.beagle-labs.eu\/es\/\"},{\"@type\":\"ListItem\",\"position\":2,\"name\":\"Pol\u00edtica de privacidad\"}]},{\"@type\":\"WebSite\",\"@id\":\"https:\/\/www.beagle-labs.eu\/#website\",\"url\":\"https:\/\/www.beagle-labs.eu\/\",\"name\":\"Beagle labs\",\"description\":\"Mejora la eficacia de tu v\u00eddeo a\u00e9reo\",\"publisher\":{\"@id\":\"https:\/\/www.beagle-labs.eu\/#organization\"},\"potentialAction\":[{\"@type\":\"SearchAction\",\"target\":{\"@type\":\"EntryPoint\",\"urlTemplate\":\"https:\/\/www.beagle-labs.eu\/?s={search_term_string}\"},\"query-input\":{\"@type\":\"PropertyValueSpecification\",\"valueRequired\":true,\"valueName\":\"search_term_string\"}}],\"inLanguage\":\"es\"},{\"@type\":\"Organization\",\"@id\":\"https:\/\/www.beagle-labs.eu\/#organization\",\"name\":\"Beagle Technology\",\"alternateName\":\"Beagle Labs\",\"url\":\"https:\/\/www.beagle-labs.eu\/\",\"logo\":{\"@type\":\"ImageObject\",\"inLanguage\":\"es\",\"@id\":\"https:\/\/www.beagle-labs.eu\/#\/schema\/logo\/image\/\",\"url\":\"https:\/\/www.beagle-labs.eu\/wp-content\/uploads\/2022\/09\/logo_beagle.webp\",\"contentUrl\":\"https:\/\/www.beagle-labs.eu\/wp-content\/uploads\/2022\/09\/logo_beagle.webp\",\"width\":1585,\"height\":578,\"caption\":\"Beagle Technology\"},\"image\":{\"@id\":\"https:\/\/www.beagle-labs.eu\/#\/schema\/logo\/image\/\"},\"sameAs\":[\"https:\/\/www.linkedin.com\/company\/beagle-labs\/\"]}]}<\/script>\n<!-- \/ Yoast SEO plugin. -->","yoast_head_json":{"title":"Pol\u00edtica de privacidad &#8226; Beagle labs","description":"Pol\u00edtica de privacidad de Beagle labs. Conciencia situacional para UAVs. Nos preocupamos por tu seguridad, tambi\u00e9n en nuestra web.","robots":{"index":"noindex","follow":"nofollow"},"og_locale":"es_ES","og_type":"article","og_title":"Pol\u00edtica de privacidad &#8226; Beagle labs","og_description":"Pol\u00edtica de privacidad de Beagle labs. Conciencia situacional para UAVs. Nos preocupamos por tu seguridad, tambi\u00e9n en nuestra web.","og_url":"https:\/\/www.beagle-labs.eu\/es\/politica-privacidad\/","og_site_name":"Beagle labs","article_modified_time":"2025-03-13T11:38:07+00:00","twitter_card":"summary_large_image","twitter_misc":{"Tiempo de lectura":"3 minutos"},"schema":{"@context":"https:\/\/schema.org","@graph":[{"@type":"WebPage","@id":"https:\/\/www.beagle-labs.eu\/politica-privacidad\/","url":"https:\/\/www.beagle-labs.eu\/politica-privacidad\/","name":"Pol\u00edtica de privacidad &#8226; Beagle labs","isPartOf":{"@id":"https:\/\/www.beagle-labs.eu\/#website"},"datePublished":"2022-10-10T14:13:11+00:00","dateModified":"2025-03-13T11:38:07+00:00","description":"Pol\u00edtica de privacidad de Beagle labs. Conciencia situacional para UAVs. Nos preocupamos por tu seguridad, tambi\u00e9n en nuestra web.","breadcrumb":{"@id":"https:\/\/www.beagle-labs.eu\/politica-privacidad\/#breadcrumb"},"inLanguage":"es","potentialAction":[{"@type":"ReadAction","target":["https:\/\/www.beagle-labs.eu\/politica-privacidad\/"]}]},{"@type":"BreadcrumbList","@id":"https:\/\/www.beagle-labs.eu\/politica-privacidad\/#breadcrumb","itemListElement":[{"@type":"ListItem","position":1,"name":"Inicio","item":"https:\/\/www.beagle-labs.eu\/es\/"},{"@type":"ListItem","position":2,"name":"Pol\u00edtica de privacidad"}]},{"@type":"WebSite","@id":"https:\/\/www.beagle-labs.eu\/#website","url":"https:\/\/www.beagle-labs.eu\/","name":"Beagle labs","description":"Mejora la eficacia de tu v\u00eddeo a\u00e9reo","publisher":{"@id":"https:\/\/www.beagle-labs.eu\/#organization"},"potentialAction":[{"@type":"SearchAction","target":{"@type":"EntryPoint","urlTemplate":"https:\/\/www.beagle-labs.eu\/?s={search_term_string}"},"query-input":{"@type":"PropertyValueSpecification","valueRequired":true,"valueName":"search_term_string"}}],"inLanguage":"es"},{"@type":"Organization","@id":"https:\/\/www.beagle-labs.eu\/#organization","name":"Beagle Technology","alternateName":"Beagle Labs","url":"https:\/\/www.beagle-labs.eu\/","logo":{"@type":"ImageObject","inLanguage":"es","@id":"https:\/\/www.beagle-labs.eu\/#\/schema\/logo\/image\/","url":"https:\/\/www.beagle-labs.eu\/wp-content\/uploads\/2022\/09\/logo_beagle.webp","contentUrl":"https:\/\/www.beagle-labs.eu\/wp-content\/uploads\/2022\/09\/logo_beagle.webp","width":1585,"height":578,"caption":"Beagle Technology"},"image":{"@id":"https:\/\/www.beagle-labs.eu\/#\/schema\/logo\/image\/"},"sameAs":["https:\/\/www.linkedin.com\/company\/beagle-labs\/"]}]}},"_links":{"self":[{"href":"https:\/\/www.beagle-labs.eu\/es\/wp-json\/wp\/v2\/pages\/497","targetHints":{"allow":["GET"]}}],"collection":[{"href":"https:\/\/www.beagle-labs.eu\/es\/wp-json\/wp\/v2\/pages"}],"about":[{"href":"https:\/\/www.beagle-labs.eu\/es\/wp-json\/wp\/v2\/types\/page"}],"author":[{"embeddable":true,"href":"https:\/\/www.beagle-labs.eu\/es\/wp-json\/wp\/v2\/users\/3"}],"replies":[{"embeddable":true,"href":"https:\/\/www.beagle-labs.eu\/es\/wp-json\/wp\/v2\/comments?post=497"}],"version-history":[{"count":84,"href":"https:\/\/www.beagle-labs.eu\/es\/wp-json\/wp\/v2\/pages\/497\/revisions"}],"predecessor-version":[{"id":4790,"href":"https:\/\/www.beagle-labs.eu\/es\/wp-json\/wp\/v2\/pages\/497\/revisions\/4790"}],"wp:attachment":[{"href":"https:\/\/www.beagle-labs.eu\/es\/wp-json\/wp\/v2\/media?parent=497"}],"curies":[{"name":"wp","href":"https:\/\/api.w.org\/{rel}","templated":true}]}}