{"id":858,"date":"2023-02-02T09:39:57","date_gmt":"2023-02-02T09:39:57","guid":{"rendered":"https:\/\/www.beagle-labs.eu\/?page_id=858"},"modified":"2024-12-24T13:04:01","modified_gmt":"2024-12-24T12:04:01","slug":"agenda-reunion","status":"publish","type":"page","link":"https:\/\/www.beagle-labs.eu\/es\/agenda-reunion\/","title":{"rendered":"Agenda una reuni\u00f3n"},"content":{"rendered":"\t\t<div data-elementor-type=\"wp-page\" data-elementor-id=\"858\" class=\"elementor elementor-858\" data-elementor-post-type=\"page\">\n\t\t\t\t\t\t<section class=\"elementor-section elementor-top-section elementor-element elementor-element-0b73189 elementor-section-content-middle elementor-section-boxed elementor-section-height-default elementor-section-height-default\" data-id=\"0b73189\" data-element_type=\"section\" data-e-type=\"section\">\n\t\t\t\t\t\t<div class=\"elementor-container elementor-column-gap-default\">\n\t\t\t\t\t<div class=\"elementor-column elementor-col-100 elementor-top-column elementor-element elementor-element-7a1a46e\" data-id=\"7a1a46e\" data-element_type=\"column\" data-e-type=\"column\">\n\t\t\t<div class=\"elementor-widget-wrap elementor-element-populated\">\n\t\t\t\t\t\t<div class=\"elementor-element elementor-element-259c98b elementor-widget elementor-widget-heading\" data-id=\"259c98b\" data-element_type=\"widget\" data-e-type=\"widget\" data-widget_type=\"heading.default\">\n\t\t\t\t<div class=\"elementor-widget-container\">\n\t\t\t\t\t<h1 class=\"elementor-heading-title elementor-size-default\">Reserva una demo<\/h1>\t\t\t\t<\/div>\n\t\t\t\t<\/div>\n\t\t\t\t<div class=\"elementor-element elementor-element-cd8ece0 elementor-widget elementor-widget-text-editor\" data-id=\"cd8ece0\" data-element_type=\"widget\" data-e-type=\"widget\" data-widget_type=\"text-editor.default\">\n\t\t\t\t<div class=\"elementor-widget-container\">\n\t\t\t\t\t\t\t\t\t<p>Selecciona d\u00eda y hora para cerrar una reuni\u00f3n por videoconferencia con nosotros.\u00a0<\/p>\t\t\t\t\t\t\t\t<\/div>\n\t\t\t\t<\/div>\n\t\t\t\t<div class=\"elementor-element elementor-element-c2f4172 elementor-widget__width-initial elementor-widget elementor-widget-shortcode\" data-id=\"c2f4172\" data-element_type=\"widget\" data-e-type=\"widget\" data-widget_type=\"shortcode.default\">\n\t\t\t\t<div class=\"elementor-widget-container\">\n\t\t\t\t\t\t\t<div class=\"elementor-shortcode\"><!-- Principio del widget integrado de Calendly -->\n<div class=\"calendly-inline-widget\" data-url=\"https:\/\/calendly.com\/beagle-info\/reunion\" style=\"min-width:320px;height:690px;\"><\/div>\n<script type=\"text\/javascript\" src=\"https:\/\/assets.calendly.com\/assets\/external\/widget.js\" async><\/script>\n<!-- Final del widget integrado de Calendly --><\/div>\n\t\t\t\t\t\t<\/div>\n\t\t\t\t<\/div>\n\t\t\t\t\t<\/div>\n\t\t<\/div>\n\t\t\t\t\t<\/div>\n\t\t<\/section>\n\t\t\t\t<\/div>\n\t\t","protected":false},"excerpt":{"rendered":"<p>Reserva una demo Selecciona d\u00eda y hora para cerrar una reuni\u00f3n por videoconferencia con nosotros.\u00a0<\/p>\n","protected":false},"author":3,"featured_media":0,"parent":0,"menu_order":21,"comment_status":"closed","ping_status":"closed","template":"elementor_header_footer","meta":{"footnotes":""},"class_list":["post-858","page","type-page","status-publish","hentry"],"yoast_head":"<!-- This site is optimized with the Yoast SEO plugin v27.2 - https:\/\/yoast.com\/product\/yoast-seo-wordpress\/ -->\n<title>Agenda una reuni\u00f3n &#8226; Beagle labs<\/title>\n<meta name=\"description\" content=\"Agenda una reuni\u00f3n con nosotros en el calendario autom\u00e1tico. Elige d\u00eda y hora para hacer una videoconferencia con nuestro equipo.\" \/>\n<meta name=\"robots\" content=\"noindex, nofollow\" \/>\n<meta property=\"og:locale\" content=\"es_ES\" \/>\n<meta property=\"og:type\" content=\"article\" \/>\n<meta property=\"og:title\" content=\"Agenda una reuni\u00f3n &#8226; Beagle labs\" \/>\n<meta property=\"og:description\" content=\"Agenda una reuni\u00f3n con nosotros en el calendario autom\u00e1tico. Elige d\u00eda y hora para hacer una videoconferencia con nuestro equipo.\" \/>\n<meta property=\"og:url\" content=\"https:\/\/www.beagle-labs.eu\/es\/agenda-reunion\/\" \/>\n<meta property=\"og:site_name\" content=\"Beagle labs\" \/>\n<meta property=\"article:modified_time\" content=\"2024-12-24T12:04:01+00:00\" \/>\n<meta name=\"twitter:card\" content=\"summary_large_image\" \/>\n<meta name=\"twitter:label1\" content=\"Tiempo de lectura\" \/>\n\t<meta name=\"twitter:data1\" content=\"1 minuto\" \/>\n<script type=\"application\/ld+json\" class=\"yoast-schema-graph\">{\"@context\":\"https:\/\/schema.org\",\"@graph\":[{\"@type\":\"WebPage\",\"@id\":\"https:\/\/www.beagle-labs.eu\/es\/agenda-reunion\/\",\"url\":\"https:\/\/www.beagle-labs.eu\/es\/agenda-reunion\/\",\"name\":\"Agenda una reuni\u00f3n &#8226; Beagle labs\",\"isPartOf\":{\"@id\":\"https:\/\/www.beagle-labs.eu\/#website\"},\"datePublished\":\"2023-02-02T09:39:57+00:00\",\"dateModified\":\"2024-12-24T12:04:01+00:00\",\"description\":\"Agenda una reuni\u00f3n con nosotros en el calendario autom\u00e1tico. Elige d\u00eda y hora para hacer una videoconferencia con nuestro equipo.\",\"breadcrumb\":{\"@id\":\"https:\/\/www.beagle-labs.eu\/es\/agenda-reunion\/#breadcrumb\"},\"inLanguage\":\"es\",\"potentialAction\":[{\"@type\":\"ReadAction\",\"target\":[\"https:\/\/www.beagle-labs.eu\/es\/agenda-reunion\/\"]}]},{\"@type\":\"BreadcrumbList\",\"@id\":\"https:\/\/www.beagle-labs.eu\/es\/agenda-reunion\/#breadcrumb\",\"itemListElement\":[{\"@type\":\"ListItem\",\"position\":1,\"name\":\"Inicio\",\"item\":\"https:\/\/www.beagle-labs.eu\/\"},{\"@type\":\"ListItem\",\"position\":2,\"name\":\"Agenda una reuni\u00f3n\"}]},{\"@type\":\"WebSite\",\"@id\":\"https:\/\/www.beagle-labs.eu\/#website\",\"url\":\"https:\/\/www.beagle-labs.eu\/\",\"name\":\"Beagle labs\",\"description\":\"Mejora la eficacia de tu v\u00eddeo a\u00e9reo\",\"publisher\":{\"@id\":\"https:\/\/www.beagle-labs.eu\/#organization\"},\"potentialAction\":[{\"@type\":\"SearchAction\",\"target\":{\"@type\":\"EntryPoint\",\"urlTemplate\":\"https:\/\/www.beagle-labs.eu\/?s={search_term_string}\"},\"query-input\":{\"@type\":\"PropertyValueSpecification\",\"valueRequired\":true,\"valueName\":\"search_term_string\"}}],\"inLanguage\":\"es\"},{\"@type\":\"Organization\",\"@id\":\"https:\/\/www.beagle-labs.eu\/#organization\",\"name\":\"Beagle Technology\",\"alternateName\":\"Beagle Labs\",\"url\":\"https:\/\/www.beagle-labs.eu\/\",\"logo\":{\"@type\":\"ImageObject\",\"inLanguage\":\"es\",\"@id\":\"https:\/\/www.beagle-labs.eu\/#\/schema\/logo\/image\/\",\"url\":\"https:\/\/www.beagle-labs.eu\/wp-content\/uploads\/2022\/09\/logo_beagle.webp\",\"contentUrl\":\"https:\/\/www.beagle-labs.eu\/wp-content\/uploads\/2022\/09\/logo_beagle.webp\",\"width\":1585,\"height\":578,\"caption\":\"Beagle Technology\"},\"image\":{\"@id\":\"https:\/\/www.beagle-labs.eu\/#\/schema\/logo\/image\/\"},\"sameAs\":[\"https:\/\/www.linkedin.com\/company\/beagle-labs\/\"]}]}<\/script>\n<!-- \/ Yoast SEO plugin. -->","yoast_head_json":{"title":"Agenda una reuni\u00f3n &#8226; Beagle labs","description":"Agenda una reuni\u00f3n con nosotros en el calendario autom\u00e1tico. Elige d\u00eda y hora para hacer una videoconferencia con nuestro equipo.","robots":{"index":"noindex","follow":"nofollow"},"og_locale":"es_ES","og_type":"article","og_title":"Agenda una reuni\u00f3n &#8226; Beagle labs","og_description":"Agenda una reuni\u00f3n con nosotros en el calendario autom\u00e1tico. Elige d\u00eda y hora para hacer una videoconferencia con nuestro equipo.","og_url":"https:\/\/www.beagle-labs.eu\/es\/agenda-reunion\/","og_site_name":"Beagle labs","article_modified_time":"2024-12-24T12:04:01+00:00","twitter_card":"summary_large_image","twitter_misc":{"Tiempo de lectura":"1 minuto"},"schema":{"@context":"https:\/\/schema.org","@graph":[{"@type":"WebPage","@id":"https:\/\/www.beagle-labs.eu\/es\/agenda-reunion\/","url":"https:\/\/www.beagle-labs.eu\/es\/agenda-reunion\/","name":"Agenda una reuni\u00f3n &#8226; Beagle labs","isPartOf":{"@id":"https:\/\/www.beagle-labs.eu\/#website"},"datePublished":"2023-02-02T09:39:57+00:00","dateModified":"2024-12-24T12:04:01+00:00","description":"Agenda una reuni\u00f3n con nosotros en el calendario autom\u00e1tico. Elige d\u00eda y hora para hacer una videoconferencia con nuestro equipo.","breadcrumb":{"@id":"https:\/\/www.beagle-labs.eu\/es\/agenda-reunion\/#breadcrumb"},"inLanguage":"es","potentialAction":[{"@type":"ReadAction","target":["https:\/\/www.beagle-labs.eu\/es\/agenda-reunion\/"]}]},{"@type":"BreadcrumbList","@id":"https:\/\/www.beagle-labs.eu\/es\/agenda-reunion\/#breadcrumb","itemListElement":[{"@type":"ListItem","position":1,"name":"Inicio","item":"https:\/\/www.beagle-labs.eu\/"},{"@type":"ListItem","position":2,"name":"Agenda una reuni\u00f3n"}]},{"@type":"WebSite","@id":"https:\/\/www.beagle-labs.eu\/#website","url":"https:\/\/www.beagle-labs.eu\/","name":"Beagle labs","description":"Mejora la eficacia de tu v\u00eddeo a\u00e9reo","publisher":{"@id":"https:\/\/www.beagle-labs.eu\/#organization"},"potentialAction":[{"@type":"SearchAction","target":{"@type":"EntryPoint","urlTemplate":"https:\/\/www.beagle-labs.eu\/?s={search_term_string}"},"query-input":{"@type":"PropertyValueSpecification","valueRequired":true,"valueName":"search_term_string"}}],"inLanguage":"es"},{"@type":"Organization","@id":"https:\/\/www.beagle-labs.eu\/#organization","name":"Beagle Technology","alternateName":"Beagle Labs","url":"https:\/\/www.beagle-labs.eu\/","logo":{"@type":"ImageObject","inLanguage":"es","@id":"https:\/\/www.beagle-labs.eu\/#\/schema\/logo\/image\/","url":"https:\/\/www.beagle-labs.eu\/wp-content\/uploads\/2022\/09\/logo_beagle.webp","contentUrl":"https:\/\/www.beagle-labs.eu\/wp-content\/uploads\/2022\/09\/logo_beagle.webp","width":1585,"height":578,"caption":"Beagle Technology"},"image":{"@id":"https:\/\/www.beagle-labs.eu\/#\/schema\/logo\/image\/"},"sameAs":["https:\/\/www.linkedin.com\/company\/beagle-labs\/"]}]}},"_links":{"self":[{"href":"https:\/\/www.beagle-labs.eu\/es\/wp-json\/wp\/v2\/pages\/858","targetHints":{"allow":["GET"]}}],"collection":[{"href":"https:\/\/www.beagle-labs.eu\/es\/wp-json\/wp\/v2\/pages"}],"about":[{"href":"https:\/\/www.beagle-labs.eu\/es\/wp-json\/wp\/v2\/types\/page"}],"author":[{"embeddable":true,"href":"https:\/\/www.beagle-labs.eu\/es\/wp-json\/wp\/v2\/users\/3"}],"replies":[{"embeddable":true,"href":"https:\/\/www.beagle-labs.eu\/es\/wp-json\/wp\/v2\/comments?post=858"}],"version-history":[{"count":47,"href":"https:\/\/www.beagle-labs.eu\/es\/wp-json\/wp\/v2\/pages\/858\/revisions"}],"predecessor-version":[{"id":4685,"href":"https:\/\/www.beagle-labs.eu\/es\/wp-json\/wp\/v2\/pages\/858\/revisions\/4685"}],"wp:attachment":[{"href":"https:\/\/www.beagle-labs.eu\/es\/wp-json\/wp\/v2\/media?parent=858"}],"curies":[{"name":"wp","href":"https:\/\/api.w.org\/{rel}","templated":true}]}}