{"id":954,"date":"2023-03-24T09:56:09","date_gmt":"2023-03-24T09:56:09","guid":{"rendered":"https:\/\/www.beagle-labs.eu\/?page_id=954"},"modified":"2024-02-22T11:24:02","modified_gmt":"2024-02-22T09:24:02","slug":"acceso-partners","status":"publish","type":"page","link":"https:\/\/www.beagle-labs.eu\/es\/acceso-partners\/","title":{"rendered":"Acceso Partners"},"content":{"rendered":"\t\t<div data-elementor-type=\"wp-page\" data-elementor-id=\"954\" class=\"elementor elementor-954\" data-elementor-post-type=\"page\">\n\t\t\t\t\t\t<section class=\"elementor-section elementor-top-section elementor-element elementor-element-975c4ef elementor-section-boxed elementor-section-height-default elementor-section-height-default\" data-id=\"975c4ef\" data-element_type=\"section\" data-e-type=\"section\">\n\t\t\t\t\t\t<div class=\"elementor-container elementor-column-gap-default\">\n\t\t\t\t\t<div class=\"elementor-column elementor-col-100 elementor-top-column elementor-element elementor-element-3f487e6\" data-id=\"3f487e6\" data-element_type=\"column\" data-e-type=\"column\" data-settings=\"{&quot;background_background&quot;:&quot;classic&quot;}\">\n\t\t\t<div class=\"elementor-widget-wrap elementor-element-populated\">\n\t\t\t\t\t\t<div class=\"elementor-element elementor-element-52d9ce1 elementor-widget elementor-widget-heading\" data-id=\"52d9ce1\" data-element_type=\"widget\" data-e-type=\"widget\" data-widget_type=\"heading.default\">\n\t\t\t\t<div class=\"elementor-widget-container\">\n\t\t\t\t\t<h2 class=\"elementor-heading-title elementor-size-default\">Iniciar sesi\u00f3n<\/h2>\t\t\t\t<\/div>\n\t\t\t\t<\/div>\n\t\t\t\t<div class=\"elementor-element elementor-element-341664f elementor-widget elementor-widget-text-editor\" data-id=\"341664f\" data-element_type=\"widget\" data-e-type=\"widget\" data-widget_type=\"text-editor.default\">\n\t\t\t\t<div class=\"elementor-widget-container\">\n\t\t\t\t\t\t\t\t\t<p>Escribe la contrase\u00f1a:<\/p>\t\t\t\t\t\t\t\t<\/div>\n\t\t\t\t<\/div>\n\t\t\t\t<div class=\"elementor-element elementor-element-b3c26c9 elementor-widget elementor-widget-shortcode\" data-id=\"b3c26c9\" data-element_type=\"widget\" data-e-type=\"widget\" data-widget_type=\"shortcode.default\">\n\t\t\t\t<div class=\"elementor-widget-container\">\n\t\t\t\t\t\t\t<div class=\"elementor-shortcode\"><form ID=\"smartPWLogin\" method=\"post\" action=\"https:\/\/www.beagle-labs.eu\/es\/acceso-partners\/\" >\n\t<input class=\"requiredField\" type=\"password\" name=\"smartPassword\" id=\"smartPassword\" value=\"\"\/>\n\t<input type=\"hidden\" name=\"smartParent\" value=\"954\" \/>\n\t<input type=\"hidden\" name=\"smartPWPage_nonce\" value=\"e6837d88ad\" \/>\n\t<input type=\"submit\" value=\"Entrar\" \/>\n<\/form>\n<\/div>\n\t\t\t\t\t\t<\/div>\n\t\t\t\t<\/div>\n\t\t\t\t<div class=\"elementor-element elementor-element-e53afec elementor-widget elementor-widget-text-editor\" data-id=\"e53afec\" data-element_type=\"widget\" data-e-type=\"widget\" data-widget_type=\"text-editor.default\">\n\t\t\t\t<div class=\"elementor-widget-container\">\n\t\t\t\t\t\t\t\t\t<p>\u00bfNo recuerdas tu contrase\u00f1a?&nbsp;<\/p>\n<p>Escr\u00edbenos a&nbsp;<a href=\"mailto:info@beagle-labs.eu\" target=\"_blank\" style=\"font-family: var( --e-global-typography-text-font-family ), Arial; font-size: var( --e-global-typography-text-font-size );\">info@beagle-labs.eu<\/a><\/p>\t\t\t\t\t\t\t\t<\/div>\n\t\t\t\t<\/div>\n\t\t\t\t\t<\/div>\n\t\t<\/div>\n\t\t\t\t\t<\/div>\n\t\t<\/section>\n\t\t\t\t<\/div>\n\t\t","protected":false},"excerpt":{"rendered":"<p>Iniciar sesi\u00f3n Escribe la contrase\u00f1a: \u00bfNo recuerdas tu contrase\u00f1a?&nbsp; Escr\u00edbenos a&nbsp;info@beagle-labs.eu<\/p>\n","protected":false},"author":3,"featured_media":0,"parent":0,"menu_order":30,"comment_status":"closed","ping_status":"closed","template":"elementor_header_footer","meta":{"footnotes":""},"class_list":["post-954","page","type-page","status-publish","hentry"],"yoast_head":"<!-- This site is optimized with the Yoast SEO plugin v27.2 - https:\/\/yoast.com\/product\/yoast-seo-wordpress\/ -->\n<title>Acceso Partners &#8226; Beagle labs<\/title>\n<meta name=\"description\" content=\"P\u00e1gina de login para Acceso Partners. Si has olvidado la contrase\u00f1a, escr\u00edbenos un mail a info@beagle-labs.eu\" \/>\n<meta name=\"robots\" content=\"noindex, nofollow\" \/>\n<meta property=\"og:locale\" content=\"es_ES\" \/>\n<meta property=\"og:type\" content=\"article\" \/>\n<meta property=\"og:title\" content=\"Acceso Partners &#8226; Beagle labs\" \/>\n<meta property=\"og:description\" content=\"P\u00e1gina de login para Acceso Partners. Si has olvidado la contrase\u00f1a, escr\u00edbenos un mail a info@beagle-labs.eu\" \/>\n<meta property=\"og:url\" content=\"https:\/\/www.beagle-labs.eu\/es\/acceso-partners\/\" \/>\n<meta property=\"og:site_name\" content=\"Beagle labs\" \/>\n<meta property=\"article:modified_time\" content=\"2024-02-22T09:24:02+00:00\" \/>\n<meta name=\"twitter:card\" content=\"summary_large_image\" \/>\n<meta name=\"twitter:label1\" content=\"Tiempo de lectura\" \/>\n\t<meta name=\"twitter:data1\" content=\"1 minuto\" \/>\n<script type=\"application\/ld+json\" class=\"yoast-schema-graph\">{\"@context\":\"https:\/\/schema.org\",\"@graph\":[{\"@type\":\"WebPage\",\"@id\":\"https:\/\/www.beagle-labs.eu\/acceso-partners\/\",\"url\":\"https:\/\/www.beagle-labs.eu\/acceso-partners\/\",\"name\":\"Acceso Partners &#8226; Beagle labs\",\"isPartOf\":{\"@id\":\"https:\/\/www.beagle-labs.eu\/#website\"},\"datePublished\":\"2023-03-24T09:56:09+00:00\",\"dateModified\":\"2024-02-22T09:24:02+00:00\",\"description\":\"P\u00e1gina de login para Acceso Partners. Si has olvidado la contrase\u00f1a, escr\u00edbenos un mail a info@beagle-labs.eu\",\"breadcrumb\":{\"@id\":\"https:\/\/www.beagle-labs.eu\/acceso-partners\/#breadcrumb\"},\"inLanguage\":\"es\",\"potentialAction\":[{\"@type\":\"ReadAction\",\"target\":[\"https:\/\/www.beagle-labs.eu\/acceso-partners\/\"]}]},{\"@type\":\"BreadcrumbList\",\"@id\":\"https:\/\/www.beagle-labs.eu\/acceso-partners\/#breadcrumb\",\"itemListElement\":[{\"@type\":\"ListItem\",\"position\":1,\"name\":\"Inicio\",\"item\":\"https:\/\/www.beagle-labs.eu\/\"},{\"@type\":\"ListItem\",\"position\":2,\"name\":\"Acceso Partners\"}]},{\"@type\":\"WebSite\",\"@id\":\"https:\/\/www.beagle-labs.eu\/#website\",\"url\":\"https:\/\/www.beagle-labs.eu\/\",\"name\":\"Beagle labs\",\"description\":\"Mejora la eficacia de tu v\u00eddeo a\u00e9reo\",\"publisher\":{\"@id\":\"https:\/\/www.beagle-labs.eu\/#organization\"},\"potentialAction\":[{\"@type\":\"SearchAction\",\"target\":{\"@type\":\"EntryPoint\",\"urlTemplate\":\"https:\/\/www.beagle-labs.eu\/?s={search_term_string}\"},\"query-input\":{\"@type\":\"PropertyValueSpecification\",\"valueRequired\":true,\"valueName\":\"search_term_string\"}}],\"inLanguage\":\"es\"},{\"@type\":\"Organization\",\"@id\":\"https:\/\/www.beagle-labs.eu\/#organization\",\"name\":\"Beagle Technology\",\"alternateName\":\"Beagle Labs\",\"url\":\"https:\/\/www.beagle-labs.eu\/\",\"logo\":{\"@type\":\"ImageObject\",\"inLanguage\":\"es\",\"@id\":\"https:\/\/www.beagle-labs.eu\/#\/schema\/logo\/image\/\",\"url\":\"https:\/\/www.beagle-labs.eu\/wp-content\/uploads\/2022\/09\/logo_beagle.webp\",\"contentUrl\":\"https:\/\/www.beagle-labs.eu\/wp-content\/uploads\/2022\/09\/logo_beagle.webp\",\"width\":1585,\"height\":578,\"caption\":\"Beagle Technology\"},\"image\":{\"@id\":\"https:\/\/www.beagle-labs.eu\/#\/schema\/logo\/image\/\"},\"sameAs\":[\"https:\/\/www.linkedin.com\/company\/beagle-labs\/\"]}]}<\/script>\n<!-- \/ Yoast SEO plugin. -->","yoast_head_json":{"title":"Acceso Partners &#8226; Beagle labs","description":"P\u00e1gina de login para Acceso Partners. Si has olvidado la contrase\u00f1a, escr\u00edbenos un mail a info@beagle-labs.eu","robots":{"index":"noindex","follow":"nofollow"},"og_locale":"es_ES","og_type":"article","og_title":"Acceso Partners &#8226; Beagle labs","og_description":"P\u00e1gina de login para Acceso Partners. Si has olvidado la contrase\u00f1a, escr\u00edbenos un mail a info@beagle-labs.eu","og_url":"https:\/\/www.beagle-labs.eu\/es\/acceso-partners\/","og_site_name":"Beagle labs","article_modified_time":"2024-02-22T09:24:02+00:00","twitter_card":"summary_large_image","twitter_misc":{"Tiempo de lectura":"1 minuto"},"schema":{"@context":"https:\/\/schema.org","@graph":[{"@type":"WebPage","@id":"https:\/\/www.beagle-labs.eu\/acceso-partners\/","url":"https:\/\/www.beagle-labs.eu\/acceso-partners\/","name":"Acceso Partners &#8226; Beagle labs","isPartOf":{"@id":"https:\/\/www.beagle-labs.eu\/#website"},"datePublished":"2023-03-24T09:56:09+00:00","dateModified":"2024-02-22T09:24:02+00:00","description":"P\u00e1gina de login para Acceso Partners. Si has olvidado la contrase\u00f1a, escr\u00edbenos un mail a info@beagle-labs.eu","breadcrumb":{"@id":"https:\/\/www.beagle-labs.eu\/acceso-partners\/#breadcrumb"},"inLanguage":"es","potentialAction":[{"@type":"ReadAction","target":["https:\/\/www.beagle-labs.eu\/acceso-partners\/"]}]},{"@type":"BreadcrumbList","@id":"https:\/\/www.beagle-labs.eu\/acceso-partners\/#breadcrumb","itemListElement":[{"@type":"ListItem","position":1,"name":"Inicio","item":"https:\/\/www.beagle-labs.eu\/"},{"@type":"ListItem","position":2,"name":"Acceso Partners"}]},{"@type":"WebSite","@id":"https:\/\/www.beagle-labs.eu\/#website","url":"https:\/\/www.beagle-labs.eu\/","name":"Beagle labs","description":"Mejora la eficacia de tu v\u00eddeo a\u00e9reo","publisher":{"@id":"https:\/\/www.beagle-labs.eu\/#organization"},"potentialAction":[{"@type":"SearchAction","target":{"@type":"EntryPoint","urlTemplate":"https:\/\/www.beagle-labs.eu\/?s={search_term_string}"},"query-input":{"@type":"PropertyValueSpecification","valueRequired":true,"valueName":"search_term_string"}}],"inLanguage":"es"},{"@type":"Organization","@id":"https:\/\/www.beagle-labs.eu\/#organization","name":"Beagle Technology","alternateName":"Beagle Labs","url":"https:\/\/www.beagle-labs.eu\/","logo":{"@type":"ImageObject","inLanguage":"es","@id":"https:\/\/www.beagle-labs.eu\/#\/schema\/logo\/image\/","url":"https:\/\/www.beagle-labs.eu\/wp-content\/uploads\/2022\/09\/logo_beagle.webp","contentUrl":"https:\/\/www.beagle-labs.eu\/wp-content\/uploads\/2022\/09\/logo_beagle.webp","width":1585,"height":578,"caption":"Beagle Technology"},"image":{"@id":"https:\/\/www.beagle-labs.eu\/#\/schema\/logo\/image\/"},"sameAs":["https:\/\/www.linkedin.com\/company\/beagle-labs\/"]}]}},"_links":{"self":[{"href":"https:\/\/www.beagle-labs.eu\/es\/wp-json\/wp\/v2\/pages\/954","targetHints":{"allow":["GET"]}}],"collection":[{"href":"https:\/\/www.beagle-labs.eu\/es\/wp-json\/wp\/v2\/pages"}],"about":[{"href":"https:\/\/www.beagle-labs.eu\/es\/wp-json\/wp\/v2\/types\/page"}],"author":[{"embeddable":true,"href":"https:\/\/www.beagle-labs.eu\/es\/wp-json\/wp\/v2\/users\/3"}],"replies":[{"embeddable":true,"href":"https:\/\/www.beagle-labs.eu\/es\/wp-json\/wp\/v2\/comments?post=954"}],"version-history":[{"count":84,"href":"https:\/\/www.beagle-labs.eu\/es\/wp-json\/wp\/v2\/pages\/954\/revisions"}],"predecessor-version":[{"id":3917,"href":"https:\/\/www.beagle-labs.eu\/es\/wp-json\/wp\/v2\/pages\/954\/revisions\/3917"}],"wp:attachment":[{"href":"https:\/\/www.beagle-labs.eu\/es\/wp-json\/wp\/v2\/media?parent=954"}],"curies":[{"name":"wp","href":"https:\/\/api.w.org\/{rel}","templated":true}]}}